{"id":14880,"date":"2024-07-03T12:11:04","date_gmt":"2024-07-03T11:11:04","guid":{"rendered":"https:\/\/www.keylab.no\/?post_type=product&#038;p=14880"},"modified":"2024-07-03T12:53:57","modified_gmt":"2024-07-03T11:53:57","slug":"rogalarm","status":"publish","type":"product","link":"https:\/\/www.keylab.no\/da\/butik\/rogalarm\/","title":{"rendered":"Yale Smart Alarm \u2013 R\u00f8gdetektor"},"content":{"rendered":"<h1>Yale Smart Alarm \u2013 R\u00f8gdetektorer<\/h1>\n<p>Yale Smoke Sensor er en optisk r\u00f8gdetektor, der reagerer hurtigt p\u00e5 gl\u00f8dende brande, sort r\u00f8g og flammebrande.<\/p>\n<p>N\u00e5r der detekteres en brand, aktiveres b\u00e5de r\u00f8gdetektorens indbyggede sirene og den centrale alarmenhed. R\u00f8gdetektoren har en testknap til batteritest og programmering.<\/p>\n<p>&nbsp;<\/p>\n<h2>Kraftig sirene<\/h2>\n<p>Udstyret med en justerbar lydstyrke p\u00e5 op til 85dB. Yale-r\u00f8gsensoren kan udl\u00f8se en kraftig sirene, der g\u00f8r den umulig at ignorere.<\/p>\n<p>Sammenkoblet med andre r\u00f8gsensorer<\/p>\n<p>R\u00f8gsensoren kan fungere alene, men i forbindelse med andre r\u00f8gsensorer skaber den et netv\u00e6rk, der samtidig udl\u00f8ser brandalarmen. S\u00e5 uanset om der opst\u00e5r brand i garagen eller k\u00f8kkenet, vil hvert hj\u00f8rne af dit hus blive alarmeret.<\/p>\n<p>&nbsp;<\/p>\n<h2>Nem overv\u00e5gning<\/h2>\n<p>F\u00e5 \u00f8jeblikkelige advarsler i realtid, n\u00e5r dine d\u00f8re eller vinduer \u00e5bnes eller lukkes, eller hvis der registreres vibrationer. Hold dig opdateret og overv\u00e5g boligens status hvor som helst og n\u00e5r som helst.<\/p>\n<p>&nbsp;<\/p>\n<h2>Horizon+ teknologi<\/h2>\n<p>Oplev enest\u00e5ende beskyttelse med et imponerende d\u00e6kningsomr\u00e5de, der str\u00e6kker sig op til 1 kilometer, sammen med forl\u00e6nget batterilevetid. Beskyt ikke kun dit hjem, men ogs\u00e5 tilh\u00f8rende bygninger i varierende st\u00f8rrelser og former.<\/p>\n<p>&nbsp;<\/p>\n<p><img data-recalc-dims=\"1\" fetchpriority=\"high\" decoding=\"async\" class=\"size-large wp-image-15046\" src=\"https:\/\/i0.wp.com\/www.keylab.no\/wp-content\/uploads\/2024\/07\/works-with-Apple-Home.webp?resize=1024%2C100&#038;ssl=1\" alt=\"Kan sammenlignes med Apple Home Google Home Alexa Philips Hue\" width=\"1024\" height=\"100\" srcset=\"https:\/\/i0.wp.com\/www.keylab.no\/wp-content\/uploads\/2024\/07\/works-with-Apple-Home.webp?resize=1024%2C100&amp;ssl=1 1024w, https:\/\/i0.wp.com\/www.keylab.no\/wp-content\/uploads\/2024\/07\/works-with-Apple-Home.webp?resize=768%2C75&amp;ssl=1 768w, https:\/\/i0.wp.com\/www.keylab.no\/wp-content\/uploads\/2024\/07\/works-with-Apple-Home.webp?resize=640%2C63&amp;ssl=1 640w, https:\/\/i0.wp.com\/www.keylab.no\/wp-content\/uploads\/2024\/07\/works-with-Apple-Home.webp?resize=400%2C39&amp;ssl=1 400w, https:\/\/i0.wp.com\/www.keylab.no\/wp-content\/uploads\/2024\/07\/works-with-Apple-Home.webp?resize=600%2C59&amp;ssl=1 600w\" sizes=\"(max-width: 1024px) 100vw, 1024px\" \/><\/p>","protected":false},"excerpt":{"rendered":"<h1>R\u00f8galarmer<\/h1>\n<p>&nbsp;<\/p>\n<p>Yale Smoke Sensor er en optisk r\u00f8gdetektor, der reagerer hurtigt p\u00e5 gl\u00f8dende brande, sort r\u00f8g og flammebrande.<\/p>\n<p>&nbsp;<\/p>\n<p>N\u00e5r der detekteres en brand, aktiveres b\u00e5de r\u00f8gdetektorens indbyggede sirene og den centrale alarmenhed. R\u00f8gdetektoren har en testknap til batteritest og programmering.<\/p>\n<p>&nbsp;<\/p>","protected":false},"featured_media":15032,"comment_status":"open","ping_status":"closed","template":"","meta":{"_acf_changed":false,"content-type":"","om_disable_all_campaigns":false,"_monsterinsights_skip_tracking":false,"_monsterinsights_sitenote_active":false,"_monsterinsights_sitenote_note":"","_monsterinsights_sitenote_category":0},"pwb-brand":[],"product_brand":[],"product_cat":[602,233],"product_tag":[],"class_list":{"0":"post-14880","1":"product","2":"type-product","3":"status-publish","4":"has-post-thumbnail","6":"product_cat-smart_alarm","7":"product_cat-yale-smart-living","9":"first","10":"instock","11":"taxable","12":"shipping-taxable","13":"purchasable","14":"product-type-simple"},"acf":[],"aioseo_notices":[],"brands":[],"_links":{"self":[{"href":"https:\/\/www.keylab.no\/da\/wp-json\/wp\/v2\/product\/14880","targetHints":{"allow":["GET"]}}],"collection":[{"href":"https:\/\/www.keylab.no\/da\/wp-json\/wp\/v2\/product"}],"about":[{"href":"https:\/\/www.keylab.no\/da\/wp-json\/wp\/v2\/types\/product"}],"replies":[{"embeddable":true,"href":"https:\/\/www.keylab.no\/da\/wp-json\/wp\/v2\/comments?post=14880"}],"version-history":[{"count":6,"href":"https:\/\/www.keylab.no\/da\/wp-json\/wp\/v2\/product\/14880\/revisions"}],"predecessor-version":[{"id":15052,"href":"https:\/\/www.keylab.no\/da\/wp-json\/wp\/v2\/product\/14880\/revisions\/15052"}],"wp:featuredmedia":[{"embeddable":true,"href":"https:\/\/www.keylab.no\/da\/wp-json\/wp\/v2\/media\/15032"}],"wp:attachment":[{"href":"https:\/\/www.keylab.no\/da\/wp-json\/wp\/v2\/media?parent=14880"}],"wp:term":[{"taxonomy":"pwb-brand","embeddable":true,"href":"https:\/\/www.keylab.no\/da\/wp-json\/wp\/v2\/pwb-brand?post=14880"},{"taxonomy":"product_brand","embeddable":true,"href":"https:\/\/www.keylab.no\/da\/wp-json\/wp\/v2\/product_brand?post=14880"},{"taxonomy":"product_cat","embeddable":true,"href":"https:\/\/www.keylab.no\/da\/wp-json\/wp\/v2\/product_cat?post=14880"},{"taxonomy":"product_tag","embeddable":true,"href":"https:\/\/www.keylab.no\/da\/wp-json\/wp\/v2\/product_tag?post=14880"}],"curies":[{"name":"wp","href":"https:\/\/api.w.org\/{rel}","templated":true}]}}