{"id":14883,"date":"2024-07-03T12:10:50","date_gmt":"2024-07-03T11:10:50","guid":{"rendered":"https:\/\/www.keylab.no\/?post_type=product&#038;p=14883"},"modified":"2024-07-03T13:10:25","modified_gmt":"2024-07-03T12:10:25","slug":"yale-indendors-bevaegelsessensor","status":"publish","type":"product","link":"https:\/\/www.keylab.no\/da\/butik\/yale-indendors-bevaegelsessensor\/","title":{"rendered":"Yale Smart Alarm - Indend\u00f8rs Bev\u00e6gelsessensor"},"content":{"rendered":"<h1>Yale indend\u00f8rs bev\u00e6gelsessensor<\/h1>\n<p>Placer Yale indend\u00f8rs bev\u00e6gelsessensor i ethvert rum i dit hjem, i hj\u00f8rner eller mod flade v\u00e6gge.<\/p>\n<p>Forbedret bevaringsomr\u00e5de<\/p>\n<p>Registrerer bev\u00e6gelser p\u00e5 en afstand af op til 12 meter. Det giver dig mulighed for at d\u00e6kke hele dit hjem.<\/p>\n<p>\u00a0<\/p>\n<h2>Nem overv\u00e5gning<\/h2>\n<p>\u00a0<\/p>\n<p>Overv\u00e5g dit hjem uden besv\u00e6r, uanset hvor du er. Hold dig opdateret via notifikationer i Yale Home-appen i det \u00f8jeblik, bev\u00e6gelsessensoren registrerer bev\u00e6gelse indend\u00f8rs eller i tilf\u00e6lde af enhver form for manipulation med sensoren.<\/p>\n<p>\u00a0<\/p>\n<h2>Horizon+ teknologi<\/h2>\n<p>\u00a0<\/p>\n<p>Oplev enest\u00e5ende beskyttelse med et imponerende d\u00e6kningsomr\u00e5de p\u00e5 op til 1 km og en lang batterilevetid. Beskyt ikke kun dit hjem, men ogs\u00e5 tilknyttede bygninger i forskellige st\u00f8rrelser og former.<\/p>\n<p>\u00a0<\/p>\n<h2>Kan tilpasses til k\u00e6ledyr<\/h2>\n<p>\u00a0<\/p>\n<p>Aktiv\u00e9r k\u00e6ledyrsfunktionen, der intelligent filtrerer din pelsede ven fra, mens den registrerer potentielle trusler i dine udend\u00f8rsarealer ved hj\u00e6lp af den indbyggede bev\u00e6gelsessensor. Tilpas systemet til dine behov ved at justere f\u00f8lsomheden for bev\u00e6gelsesregistrering.<\/p>","protected":false},"excerpt":{"rendered":"<h1>Yale indend\u00f8rs bev\u00e6gelsessensor<\/h1>\n<p>Placer Yale indend\u00f8rs bev\u00e6gelsessensor i ethvert rum i dit hjem, i hj\u00f8rner eller mod flade v\u00e6gge.<\/p>\n<p>Forbedret bevaringsomr\u00e5de<\/p>\n<p>Registrerer bev\u00e6gelser p\u00e5 en afstand af op til 12 meter. Det giver dig mulighed for at d\u00e6kke hele dit hjem.<\/p>","protected":false},"featured_media":15022,"comment_status":"open","ping_status":"closed","template":"","meta":{"_acf_changed":false,"content-type":"","om_disable_all_campaigns":false,"_monsterinsights_skip_tracking":false,"_monsterinsights_sitenote_active":false,"_monsterinsights_sitenote_note":"","_monsterinsights_sitenote_category":0},"pwb-brand":[],"product_brand":[],"product_cat":[602,233],"product_tag":[],"class_list":{"0":"post-14883","1":"product","2":"type-product","3":"status-publish","4":"has-post-thumbnail","6":"product_cat-smart_alarm","7":"product_cat-yale-smart-living","9":"first","10":"instock","11":"taxable","12":"shipping-taxable","13":"purchasable","14":"product-type-simple"},"acf":[],"aioseo_notices":[],"brands":[],"_links":{"self":[{"href":"https:\/\/www.keylab.no\/da\/wp-json\/wp\/v2\/product\/14883","targetHints":{"allow":["GET"]}}],"collection":[{"href":"https:\/\/www.keylab.no\/da\/wp-json\/wp\/v2\/product"}],"about":[{"href":"https:\/\/www.keylab.no\/da\/wp-json\/wp\/v2\/types\/product"}],"replies":[{"embeddable":true,"href":"https:\/\/www.keylab.no\/da\/wp-json\/wp\/v2\/comments?post=14883"}],"version-history":[{"count":4,"href":"https:\/\/www.keylab.no\/da\/wp-json\/wp\/v2\/product\/14883\/revisions"}],"predecessor-version":[{"id":15057,"href":"https:\/\/www.keylab.no\/da\/wp-json\/wp\/v2\/product\/14883\/revisions\/15057"}],"wp:featuredmedia":[{"embeddable":true,"href":"https:\/\/www.keylab.no\/da\/wp-json\/wp\/v2\/media\/15022"}],"wp:attachment":[{"href":"https:\/\/www.keylab.no\/da\/wp-json\/wp\/v2\/media?parent=14883"}],"wp:term":[{"taxonomy":"pwb-brand","embeddable":true,"href":"https:\/\/www.keylab.no\/da\/wp-json\/wp\/v2\/pwb-brand?post=14883"},{"taxonomy":"product_brand","embeddable":true,"href":"https:\/\/www.keylab.no\/da\/wp-json\/wp\/v2\/product_brand?post=14883"},{"taxonomy":"product_cat","embeddable":true,"href":"https:\/\/www.keylab.no\/da\/wp-json\/wp\/v2\/product_cat?post=14883"},{"taxonomy":"product_tag","embeddable":true,"href":"https:\/\/www.keylab.no\/da\/wp-json\/wp\/v2\/product_tag?post=14883"}],"curies":[{"name":"wp","href":"https:\/\/api.w.org\/{rel}","templated":true}]}}