{"id":14884,"date":"2024-07-03T12:10:55","date_gmt":"2024-07-03T11:10:55","guid":{"rendered":"https:\/\/www.keylab.no\/?post_type=product&#038;p=14884"},"modified":"2024-07-03T13:09:25","modified_gmt":"2024-07-03T12:09:25","slug":"yale-smart-alarm-starter-kit","status":"publish","type":"product","link":"https:\/\/www.keylab.no\/da\/butik\/yale-smart-alarm-starter-kit\/","title":{"rendered":"Yale Smart Alarm Starter Kit"},"content":{"rendered":"<h1>Yale Smart Alarm Starter Kit<\/h1>\n<p>Det nye 5-delte Yale Smart Alarm Starter Kit er en perfekt l\u00f8sning til dem, der kr\u00e6ver f\u00f8rsteklasses sikkerhed og bekvemmelighed. Smart Alarm er nem at installere og bruge, har et stilfuldt design med h\u00f8j funktionalitet for smidig integration i dit hjem. En boligalarm uden abonnementsomkostninger.<\/p>\n<p>\u00a0<\/p>\n<h2>Egenskaber og egenskaber<\/h2>\n<p>Yale Smart Alarm er designet til at beskytte hjemmet, inde og ude, ved proaktivt at forhindre potentielle trusler, f\u00f8r de opst\u00e5r. Gennem Yale Home-appen har du overv\u00e5gning for op til fire omr\u00e5der i og omkring dit hjem, samt mulighed for at overv\u00e5ge flere ejendomme fra \u00e9n og samme konto.<\/p>\n<p>\u00a0<\/p>\n<h2>Brugerdefineret sikkerhed<\/h2>\n<p>Skr\u00e6ddersy alarmsystemet til dine unikke behov. Alarmens komponenter har en r\u00e6kkevidde til alarmens centralenhed p\u00e5 op til 1 kilometer, takket v\u00e6re Yale Horizon+ teknologien. Sikkerheden kan forbedres yderligere med alarmsystemets tilbeh\u00f8r, s\u00e5som bev\u00e6gelsesdetektorer til indend\u00f8rs og udend\u00f8rs brug, samt Yale Smart Cameras til forbedret udend\u00f8rs overv\u00e5gning.<\/p>\n<p>\u00a0<\/p>\n<h2>Integrationer<\/h2>\n<p>Smart Alarm integreres problemfrit med andre Yale-smart-enheder samt f\u00f8rende stemmeassistenter og Philips Hue-smart belysning, hvilket giver en omfattende oplevelse.<\/p>\n<p>\u00a0<\/p>\n<h2>Abonnementstjenester<\/h2>\n<p>Gennem vores abonnementstjenester kan du l\u00e5se op for yderligere funktioner, der forbedrer din sikkerhedsoplevelse yderligere. Funktioner omfatter for eksempel underst\u00f8ttelse af SIM-kortbrug, som garanterer hurtig og stabil alarmdrift uden afbrydelser, selvom Wi-Fi-forbindelsen mistes. Du kan ogs\u00e5 v\u00e6lge automatiske telefonopkald, som giver dig mulighed for at udpege op til tre personer til at modtage et automatisk telefonopkald ved alarmaktivering.<\/p>","protected":false},"excerpt":{"rendered":"<h1>Yale Smart Alarm Starter Kit<\/h1>\n<p>Det nye 5-delte Yale Smart Alarm Starter Kit er en perfekt l\u00f8sning til dem, der kr\u00e6ver f\u00f8rsteklasses sikkerhed og bekvemmelighed. Smart Alarm er nem at installere og bruge, har et stilfuldt design med h\u00f8j funktionalitet for smidig integration i dit hjem. En boligalarm uden abonnementsomkostninger.<\/p>\n<p>\u00a0<\/p>\n<h2>Egenskaber og egenskaber<\/h2>\n<p>Yale Smart Alarm er designet til at beskytte hjemmet, inde og ude, ved proaktivt at forhindre potentielle trusler, f\u00f8r de opst\u00e5r. Gennem Yale Home-appen har du overv\u00e5gning for op til fire omr\u00e5der i og omkring dit hjem, samt mulighed for at overv\u00e5ge flere ejendomme fra \u00e9n og samme konto.<\/p>","protected":false},"featured_media":15019,"comment_status":"open","ping_status":"closed","template":"","meta":{"_acf_changed":false,"content-type":"","om_disable_all_campaigns":false,"_monsterinsights_skip_tracking":false,"_monsterinsights_sitenote_active":false,"_monsterinsights_sitenote_note":"","_monsterinsights_sitenote_category":0},"pwb-brand":[],"product_brand":[],"product_cat":[602,233],"product_tag":[],"class_list":{"0":"post-14884","1":"product","2":"type-product","3":"status-publish","4":"has-post-thumbnail","6":"product_cat-smart_alarm","7":"product_cat-yale-smart-living","9":"first","10":"instock","11":"featured","12":"taxable","13":"shipping-taxable","14":"purchasable","15":"product-type-simple"},"acf":[],"aioseo_notices":[],"brands":[],"_links":{"self":[{"href":"https:\/\/www.keylab.no\/da\/wp-json\/wp\/v2\/product\/14884","targetHints":{"allow":["GET"]}}],"collection":[{"href":"https:\/\/www.keylab.no\/da\/wp-json\/wp\/v2\/product"}],"about":[{"href":"https:\/\/www.keylab.no\/da\/wp-json\/wp\/v2\/types\/product"}],"replies":[{"embeddable":true,"href":"https:\/\/www.keylab.no\/da\/wp-json\/wp\/v2\/comments?post=14884"}],"version-history":[{"count":3,"href":"https:\/\/www.keylab.no\/da\/wp-json\/wp\/v2\/product\/14884\/revisions"}],"predecessor-version":[{"id":15018,"href":"https:\/\/www.keylab.no\/da\/wp-json\/wp\/v2\/product\/14884\/revisions\/15018"}],"wp:featuredmedia":[{"embeddable":true,"href":"https:\/\/www.keylab.no\/da\/wp-json\/wp\/v2\/media\/15019"}],"wp:attachment":[{"href":"https:\/\/www.keylab.no\/da\/wp-json\/wp\/v2\/media?parent=14884"}],"wp:term":[{"taxonomy":"pwb-brand","embeddable":true,"href":"https:\/\/www.keylab.no\/da\/wp-json\/wp\/v2\/pwb-brand?post=14884"},{"taxonomy":"product_brand","embeddable":true,"href":"https:\/\/www.keylab.no\/da\/wp-json\/wp\/v2\/product_brand?post=14884"},{"taxonomy":"product_cat","embeddable":true,"href":"https:\/\/www.keylab.no\/da\/wp-json\/wp\/v2\/product_cat?post=14884"},{"taxonomy":"product_tag","embeddable":true,"href":"https:\/\/www.keylab.no\/da\/wp-json\/wp\/v2\/product_tag?post=14884"}],"curies":[{"name":"wp","href":"https:\/\/api.w.org\/{rel}","templated":true}]}}