{"id":14944,"date":"2024-07-03T01:47:32","date_gmt":"2024-07-03T00:47:32","guid":{"rendered":"https:\/\/www.keylab.no\/?post_type=product&#038;p=14944"},"modified":"2025-04-16T11:18:10","modified_gmt":"2025-04-16T10:18:10","slug":"yale-linus-smartlas","status":"publish","type":"product","link":"https:\/\/www.keylab.no\/da\/butik\/yale-linus-smartlas\/","title":{"rendered":"Yale Linus\u00ae Smart Lock - Yale Smart Living"},"content":{"rendered":"<h2>G\u00f8r din d\u00f8r smartere med en n\u00f8glefri d\u00f8rl\u00e5s designet til at g\u00f8re dit liv mere sikkert og lettere.<\/h2>\n<p>Linus<sup>\u00ae<\/sup>\u00a0smart lock er designet af den anerkendte schweiziske designer Yves B\u00e9har, som ogs\u00e5 er en af grundl\u00e6ggerne af det amerikanske firma August. Linus<sup>\u00ae<\/sup>\u00a0smart lock er en perfekt kombination af elegant design og avanceret teknologi.<\/p>\n<p>Linus<sup>\u00ae<\/sup>\u00a0blev rost for intelligent design og godt materialevalg ved de prestigefyldte Red Dot Awards, European Product Design Awards og Ambient Awards ved CES Las Vegas tidligere i \u00e5r. Linus<sup>\u00ae<\/sup>\u00a0er en diskret smart home-opgradering til enhver hovedd\u00f8r. Linus<sup>\u00ae<\/sup>\u00a0f\u00e5s i mat sort og s\u00f8lv finish, og passer godt ind i det meste interi\u00f8r.<\/p>\n<p>Linus<sup>\u00ae<\/sup>\u00a0smart lock er en sikker d\u00f8rl\u00e5s, som du kan l\u00e5se og l\u00e5se op, uanset hvor du er. Her f\u00e5r du n\u00f8glefri adgang, du kan se, hvem der kommer, og hvorn\u00e5r de ankommer, give bes\u00f8gende virtuelle n\u00f8gler \u2013 og spekulerer du p\u00e5, om du har glemt at l\u00e5se d\u00f8ren, kan du nemt tjekke det.<\/p>\n<p>Du kan g\u00f8re alt dette ved hj\u00e6lp af Yale Home-appen. Med denne app kan du sikre, overv\u00e5ge og kontrollere adgangen til dit hjem ved hj\u00e6lp af en smartphone, uanset hvor du er.<\/p>\n<p>Linus<sup>\u00ae<\/sup>\u00a0smart l\u00e5s kan forbindes til popul\u00e6re smart home-systemer, stemmeassistenter og ferieudlejningsplatforme for nem kontrol og adgangsstyring.<\/p>\n<p>Med Yale&#039;s <span style=\"color: #000080;\"><strong>180 \u00e5r<\/strong><\/span> erfaring fra sikkerhedsbranchen, kan du f\u00f8le dig tryg og beskytte alt, hvad du holder af.<\/p>\n<p>&nbsp;<\/p>\n<h2><strong>Funktioner:<\/strong><\/h2>\n<ul>\n<li>\n<h3>SMART L\u00c5SNING.<\/h3>\n<p>Brug din smartphone eller Apple Watch som n\u00f8gle. med Linus<sup>\u00ae<\/sup>\u00a0smart l\u00e5s, kan du l\u00e5se d\u00f8ren op og igen med Yale Home-appen, uanset hvor du er*.<\/li>\n<\/ul>\n<p>*Kr\u00e6ver Yale Connect Wi-Fi Bridge.<\/p>\n<p>&nbsp;<\/p>\n<ul>\n<li>\n<h3>AUTOMATISK L\u00c5SNING OG OPL\u00c5SNING.<\/h3>\n<p>N\u00e5r du kommer hjem og n\u00e6rmer dig hovedd\u00f8ren, l\u00e5ses d\u00f8ren automatisk op takket v\u00e6re geofencing, forudsat at du har din telefon med dig. Du beh\u00f8ver ikke at lede i dine lommer og din taske for at finde din n\u00f8gle. Du kan konfigurere systemet til automatisk at l\u00e5se d\u00f8ren, n\u00e5r den lukkes.<\/li>\n<\/ul>\n<p>&nbsp;<\/p>\n<ul>\n<li>\n<h3>SIKKER OG SIKKER.<\/h3>\n<p>En Yale Home-konto er beskyttet med to-faktor-godkendelse, hvilket betyder, at du skal bekr\u00e6fte din identitet med enten en e-mailadresse eller et telefonnummer. Ud over den sikkerhed, der ligger i Bluetooth, bruger vi AES- og TLS-kryptering, som ofte omtales som sikkerhed p\u00e5 bankniveau. Hvis du mister din telefon, kan du nemt deaktivere Yale Home-appen og alle virtuelle n\u00f8gler.<\/li>\n<\/ul>\n<p>&nbsp;<\/p>\n<ul>\n<li>\n<h3>GI ADGANG \u2013 UANSET HVOR DU ER.<\/h3>\n<p>Du kan sende sikre n\u00f8gler til familie, venner og andre, du stoler p\u00e5, uanset hvor du er, ved hj\u00e6lp af Yale Home-appen. Du har altid fuld kontrol.<\/li>\n<\/ul>\n<p>&nbsp;<\/p>\n<ul>\n<li>\n<h3>PROBLEMFRI INSTALLATION.<\/h3>\n<p>Linus<sup>\u00ae<\/sup>\u00a0den smarte l\u00e5s er nem at montere - du skruer din eksisterende knapdrejer af, som du har p\u00e5 indersiden af d\u00f8ren og skruer op for Linus<sup>\u00ae<\/sup>\u00a0i stedet for. Monteringen sker p\u00e5 meget kort tid. Se vores video for at finde ud af, hvordan du monterer Linus<sup>\u00ae<\/sup>\u00a0p\u00e5 din hovedd\u00f8r.<\/li>\n<\/ul>\n<p>&nbsp;<\/p>\n<ul>\n<li>\n<h3>DIREKTE MEDDELELSE.<\/h3>\n<p>Sker der noget med l\u00e5sen p\u00e5 d\u00f8ren, f\u00e5r du straks besked.<\/li>\n<\/ul>\n<p>&nbsp;<\/p>\n<ul>\n<li>\n<h3>D\u00d8RSANS<sup>\u2122<\/sup>-TEKNOLOGI.<\/h3>\n<p>Lader dig vide, om d\u00f8ren er ordentligt lukket eller ej. Hvis der sker noget uventet, for eksempel hvis d\u00f8ren st\u00e5r p\u00e5 klem, vil du v\u00e6re den f\u00f8rste til at vide det.<\/li>\n<\/ul>\n<p>&nbsp;<\/p>\n<ul>\n<li>\n<h3>OMFATTET SAMARBEJDE.<\/h3>\n<p>Yale samarbejder med blandt andet leverand\u00f8rer af smart home-systemer og stemmeassistenter og ferieudlejningsplatforme for nem kontrol og adgangsstyring*.<\/li>\n<\/ul>\n<p>*Kr\u00e6ver, at Yale Connect Wi-Fi Bridge er installeret og sat op til ekstern funktionalitet og integrationer, s\u00e5som stemmeassistent.<\/p>\n<p>&nbsp;<\/p>\n<ul>\n<li>\n<h3>BATTERI LIV.<\/h3>\n<p>Du f\u00e5r besked, n\u00e5r batterierne begynder at l\u00f8be t\u00f8r. Batteriernes levetid afh\u00e6nger af antallet af drejninger pr. l\u00e5sning, hvor let l\u00e5sen kan l\u00e5ses op og antallet af op- og genl\u00e5sninger pr. dag. Ved gennemsnitlig brug holder batterierne fra seks til ni m\u00e5neder.<\/li>\n<\/ul>\n<p>&nbsp;<\/p>\n<p>&nbsp;<\/p>\n<h2><strong>Specifikationer:<\/strong><\/h2>\n<ul>\n<li><strong>Kompatibilitet:\u00a0<\/strong>Passer til langt de fleste d\u00f8re p\u00e5 markedet med skandinaviske standarder.<\/li>\n<li><strong>P\u00e5stand<\/strong>: Yale Home-appen til iOS eller Android (appen er gratis).<\/li>\n<li><strong>Kommunikationsfrekvens mellem Linus<sup>\u00ae<\/sup>\u00a0og det ekstra udstyr:<\/strong>\u00a0Bluetooth 4.2, 2.4 GHz.<\/li>\n<li><strong>Teknologi mellem Linus<sup>\u00ae<\/sup>-l\u00e5sen og smartphonen:<\/strong>\u00a0Bluetooth direkte eller via Bluetooth og Wi-Fi, hvis den er parret med Yale Connect Wi-Fi Bridge.<\/li>\n<li><strong>To-faktor sikkerhed:<\/strong>\u00a0Yale Home-kontoen er beskyttet med to-faktor autentificering, hvilket betyder, at systemet tjekker din identitet ud fra din e-mailadresse eller telefonnummer, udover din adgangskode.<\/li>\n<li><strong>Kryptering:\u00a0<\/strong>Linus<sup>\u00ae<\/sup>\u00a0smartlock bruger BLE-kryptering (Bluetooth Low Energy), AES og TLS-kryptering, som ofte omtales som bank-niveau sikkerhed.<\/li>\n<li><strong>Godkendt forsikring:<\/strong>\u00a0Godkendt i FG klasse 2A i kombination med godkendt cylinder.<\/li>\n<li><strong>M\u00e5l:<\/strong>\u00a0BxHxD: 58x150x58 mm.<\/li>\n<li><strong>V\u00e6gt:\u00a0<\/strong>623 gram (inklusive batterier).<\/li>\n<li><strong>Batterier:\u00a0<\/strong>4 AA-batterier til smartl\u00e5sen (alkaliske batterier anbefales).<br \/>\nBatterier medf\u00f8lger.<\/li>\n<\/ul>\n<p>&nbsp;<\/p>\n<p>&nbsp;<\/p>\n<h2><strong>Varianter af Yale Linus<\/strong><\/h2>\n<p><strong>Yale Linus Home indeholder f\u00f8lgende:<\/strong><br \/>\n\u2013 1 stk Linus<sup>\u00ae<\/sup>\u00a0smart l\u00e5s<br \/>\n\u2013 1 stk Yale Connect Wi-Fi Bridge<br \/>\n\u2013 1 stk monteringsplade<br \/>\n\u2013 1 stk DoorSense<sup>\u2122<\/sup>-magnet<br \/>\n\u2013 1 stk monteringstilbeh\u00f8r<br \/>\n\u2013 4 AA batterier<br \/>\n- Brugervejledning<\/p>\n<p><strong>Yale Linus-familien inkluderer f\u00f8lgende:<\/strong><br \/>\n\u2013 1 stk Linus<sup>\u00ae<\/sup>\u00a0smart l\u00e5s<br \/>\n\u2013 1 stk Yale Connect Wi-Fi Bridge<br \/>\n\u2013 1 stk Yale Smart Keypad<br \/>\n\u2013 1 stk monteringsplade<br \/>\n\u2013 1 stk DoorSense<sup>\u2122<\/sup>-magnet<br \/>\n\u2013 1 stk monteringstilbeh\u00f8r<br \/>\n\u2013 4 AA batterier<br \/>\n- Brugervejledning<\/p>\n<p>&nbsp;<\/p>\n<p>Med Yale Connect Wi-Fi Bridge (leveres med alle varianter af Yale Linus<sup>\u00ae<\/sup>\u00a0og Yale Doorman L3) kan du bruge stemmeassistentfunktioner og styre smartl\u00e5sen direkte fra din telefon.<\/p>\n<p>Du kan give unikke adgangskoder til familie og venner, s\u00e5 de nemt kan l\u00e5se sig ind ved at indtaste en kode p\u00e5 tastaturet.<\/p>\n<p>&nbsp;<\/p>\n<h3><strong>Integrationer<\/strong><\/h3>\n<ul>\n<li>Google Home<\/li>\n<li>Alexa<\/li>\n<li>Airbnb<\/li>\n<li>Philips Hue<\/li>\n<li>Apple HomeKit<\/li>\n<\/ul>\n<p>&nbsp;<\/p>\n<figure id=\"attachment_14945\" aria-describedby=\"caption-attachment-14945\" style=\"width: 521px\" class=\"wp-caption aligncenter\"><a href=\"https:\/\/i0.wp.com\/www.keylab.no\/wp-content\/uploads\/2024\/07\/image-4-1.png?ssl=1\"><img data-recalc-dims=\"1\" fetchpriority=\"high\" decoding=\"async\" class=\"wp-image-14945\" src=\"https:\/\/i0.wp.com\/www.keylab.no\/wp-content\/uploads\/2024\/07\/image-4-1.png?resize=521%2C217&#038;ssl=1\" alt=\"Yale Linus - Yale Smart Living\" width=\"521\" height=\"217\" \/><\/a><figcaption id=\"caption-attachment-14945\" class=\"wp-caption-text\">Yale Linus \u2013 Yale Smart Living<\/figcaption><\/figure>","protected":false},"excerpt":{"rendered":"<p>Gj\u00f8r d\u00f8ren din smartere med en n\u00f8kkelfri d\u00f8rl\u00e5s som er utviklet for \u00e5 gj\u00f8re livet ditt tryggere og enklere. Linus\u00ae\u00a0smartl\u00e5s er designet av den anerkjente sveitsiske designeren Yves B\u00e9har, som ogs\u00e5 er en av grunnleggerne av det amerikanske selskapet August. Linus\u00ae\u00a0smartl\u00e5s er en perfekt kombinasjon av lekker design og avansert teknologi. Linus\u00ae\u00a0ble ber\u00f8mmet for intelligent design og godt materialvalg p\u00e5 den prestisjetunge Red Dot Awards, European Product Design Awards og Ambient Awards p\u00e5 CES Las Vegas tidligere i \u00e5r. Linus\u00ae\u00a0er en diskret smarthjemoppgradering for en hvilken som helst inngangsd\u00f8r. Linus\u00ae\u00a0er tilgjengelig i matt svart og s\u00f8lv finish, og passer godt inn i de fleste interi\u00f8rer. Linus\u00ae\u00a0smartl\u00e5s er en sikker d\u00f8rl\u00e5s som du kan l\u00e5se og l\u00e5se opp uansett hvor du er. Her f\u00e5r du n\u00f8kkelfri adgang, du kan se hvem som kommer og n\u00e5r de kommer, gi bes\u00f8kende virtuelle n\u00f8kler \u2013 og hvis du lurer p\u00e5 om du glemte \u00e5 l\u00e5se d\u00f8ren, kan du enkelt sjekke det. Alt dette kan du gj\u00f8re ved hjelp av Yale Home-appen. Med denne appen kan du sikre, overv\u00e5ke og kontrollere adgang til hjemmet ditt ved hjelp av en smarttelefon, uansett hvor du er. Linus\u00ae\u00a0smartl\u00e5s kan kobles til popul\u00e6re smarthjemsystemer, taleassistenter og plattformer for ferieboligutleie for enkel kontroll og adgangsstyring. Med Yales 180 \u00e5rs erfaring fra sikkerhetsbransjen kan du f\u00f8le deg trygg og beskytte alt du har kj\u00e6rt. &nbsp; Funksjoner: SMART L\u00c5SING. Bruk din smarttelefon eller Apple Watch som n\u00f8kkel. Med Linus\u00ae\u00a0smartl\u00e5s kan du l\u00e5se d\u00f8ren opp og igjen med Yale Home-appen, uansett hvor du er*. *Krever Yale Connect Wi-Fi Bridge. &nbsp; AUTOMATISK L\u00c5SING OG OPPL\u00c5SING. N\u00e5r du kommer hjem og n\u00e6rmer deg inngangsd\u00f8ren, l\u00e5ses d\u00f8ren automatisk opp takket v\u00e6re s\u00e5kalt &laquo;geofencing&raquo;, forutsatt at du har telefonen din med deg. Du slipper \u00e5 lete gjennom lommer og veske for \u00e5 finne n\u00f8kkelen. Du kan konfigurere systemet slik at d\u00f8ren automatisk l\u00e5ses n\u00e5r den lukkes. &nbsp; TRYGT OG SIKKERT. En Yale Home-konto er beskyttet med tofaktorautentisering, som betyr at du m\u00e5 verifisere din identitet med enten en e-postadresse eller et telefonnummer. I tillegg til den sikkerheten som ligger i Bluetooth, benytter vi AES- og TLS-kryptering, som ofte omtales som sikkerhet p\u00e5 bankniv\u00e5. Hvis du mister telefonen, kan du enkelt deaktivere Yale Home-appen og alle virtuelle n\u00f8kler. &nbsp; GI ADGANG \u2013 UANSETT HVOR DU ER. Du kan sende sikre n\u00f8kler til familie, venner og andre du stoler p\u00e5, uansett hvor du er, ved hjelp av Yale Home-appen. Du har alltid full kontroll. &nbsp; PROBLEMFRI MONTERING. Linus\u00ae\u00a0smartl\u00e5sen er enkel \u00e5 montere \u2013 du skrur av din eksisterende knappvrider som du har p\u00e5 innsiden av d\u00f8ren og skrur opp Linus\u00ae\u00a0isteden. Monteringen er gjort p\u00e5 sv\u00e6rt kort tid. Se videoen v\u00e5r for \u00e5 finne ut hvordan du kan montere Linus\u00ae\u00a0p\u00e5 din inngangsd\u00f8r. &nbsp; DIREKTE VARSLING. Hvis det skjer noe med l\u00e5sen p\u00e5 d\u00f8ren, blir du varslet om det umiddelbart. &nbsp; DOORSENSE\u2122-TEKNOLOGI. Gir deg beskjed om d\u00f8ren er ordentlig lukket eller ei. Hvis det skjer noe uventet, for eksempel hvis d\u00f8ren blir st\u00e5ende p\u00e5 gl\u00f8tt, er du den f\u00f8rste som f\u00e5r vite om det. &nbsp; OMFATTENDE SAMARBEID. Yale samarbeider med blant annet leverand\u00f8rer av smarthjemsystemer og taleassistenter og plattformer for ferieboligutleie for enkel kontroll og adgangsstyring*. *Krever at Yale Connect Wi-Fi Bridge er installert og satt opp for ekstern funksjonalitet og integrasjoner, for eksempel taleassistent. &nbsp; BATTERILEVETID. Du blir varslet n\u00e5r batteriene begynner \u00e5 g\u00e5 tomme. Levetiden til batteriene avhenger av antall vridninger per l\u00e5sing, hvor lett l\u00e5sen lar seg l\u00e5se opp og antallet opp- og gjenl\u00e5singer per dag. Ved gjennomsnittlig bruk vil batteriene vare fra seks til ni m\u00e5neder. &nbsp; &nbsp; Spesifikasjoner: Kompatibilitet:\u00a0Passer de aller fleste d\u00f8rene p\u00e5 markedet med skandinavisk standard. Krav: Yale Home-appen for iOS eller Android (appen er gratis). Kommunikasjonsfrekvens mellom Linus\u00ae\u00a0og tilleggsutstyret:\u00a0Bluetooth 4.2, 2,4 GHz. Teknologi mellom Linus\u00ae-l\u00e5sen og smarttelefon:\u00a0Bluetooth direkte eller via Bluetooth og Wi-Fi hvis den er paret med Yale Connect Wi-Fi Bridge. Tofaktorsikkerhet:\u00a0Yale Home-kontoen er beskyttet med tofaktorautentisering, som inneb\u00e6rer at systemet sjekker identiteten din basert p\u00e5 e-postadresse eller telefonnummer, i tillegg til passord. Kryptering:\u00a0Linus\u00ae\u00a0smartl\u00e5s bruker BLE-kryptering (Bluetooth Low Energy), AES- og TLS-kryptering, som ofte omtales som sikkerhet p\u00e5 bankniv\u00e5. Forsikringsgodkjent:\u00a0Godkjent i FG-klasse 2A i kombinasjon med godkjent sylinder. M\u00e5l:\u00a0BxHxD: 58x150x58 mm. Vekt:\u00a0623 gram (inkludert batterier). Batterier:\u00a04 stykk AA-batterier til smartl\u00e5sen (alkaliske batterier anbefales). Batterier er inkludert. &nbsp; &nbsp; Varianter av Yale Linus Yale Linus Home inneholder f\u00f8lgende: &#8211; 1 stykk Linus\u00ae\u00a0smartl\u00e5s &#8211; 1 stykk Yale Connect Wi-Fi Bridge &#8211; 1 stykk monteringsplate &#8211; 1 stykk DoorSense\u2122-magnet &#8211; 1 stykk monteringstilbeh\u00f8r &#8211; 4 stykk AA-batterier &#8211; Brukerveiledning Yale Linus Family inneholder f\u00f8lgende: &#8211; 1 stykk Linus\u00ae\u00a0smartl\u00e5s &#8211; 1 stykk Yale Connect Wi-Fi Bridge &#8211; 1 stykk Yale Smart Keypad &#8211; 1 stykk monteringsplate &#8211; 1 stykk DoorSense\u2122-magnet &#8211; 1 stykk monteringstilbeh\u00f8r &#8211; 4 stykk AA-batterier &#8211; Brukerveiledning &nbsp; Med Yale Connect Wi-Fi Bridge (medf\u00f8lger alle varianter av Yale Linus\u00ae\u00a0og Yale Doorman L3) kan du bruke taleassistentfunksjoner og kontrollere smartl\u00e5sen direkte fra telefonen. Du kan gi unike adgangskoder til familie og venner, slik at de enkelt kan l\u00e5se seg inn ved \u00e5 taste inn en kode p\u00e5 tastaturet. &nbsp; Integrasjoner Google Home Alexa Airbnb Philips HUE Apple HomeKit &nbsp;<\/p>","protected":false},"featured_media":14946,"comment_status":"open","ping_status":"closed","template":"","meta":{"_acf_changed":false,"content-type":"","om_disable_all_campaigns":false,"_monsterinsights_skip_tracking":false,"_monsterinsights_sitenote_active":false,"_monsterinsights_sitenote_note":"","_monsterinsights_sitenote_category":0},"pwb-brand":[],"product_brand":[],"product_cat":[174,376,233],"product_tag":[594,593,591,592],"class_list":{"0":"post-14944","1":"product","2":"type-product","3":"status-publish","4":"has-post-thumbnail","6":"product_cat-adgangssystem","7":"product_cat-kodelas-adgangssystem","8":"product_cat-yale-smart-living","9":"product_tag-smartlas","10":"product_tag-yale-home","11":"product_tag-yale-linus","12":"product_tag-yale-smart-living","14":"first","15":"instock","16":"featured","17":"taxable","18":"shipping-taxable","19":"purchasable","20":"product-type-variable","21":"has-default-attributes"},"acf":[],"aioseo_notices":[],"brands":[],"_links":{"self":[{"href":"https:\/\/www.keylab.no\/da\/wp-json\/wp\/v2\/product\/14944","targetHints":{"allow":["GET"]}}],"collection":[{"href":"https:\/\/www.keylab.no\/da\/wp-json\/wp\/v2\/product"}],"about":[{"href":"https:\/\/www.keylab.no\/da\/wp-json\/wp\/v2\/types\/product"}],"replies":[{"embeddable":true,"href":"https:\/\/www.keylab.no\/da\/wp-json\/wp\/v2\/comments?post=14944"}],"version-history":[{"count":3,"href":"https:\/\/www.keylab.no\/da\/wp-json\/wp\/v2\/product\/14944\/revisions"}],"predecessor-version":[{"id":14962,"href":"https:\/\/www.keylab.no\/da\/wp-json\/wp\/v2\/product\/14944\/revisions\/14962"}],"wp:featuredmedia":[{"embeddable":true,"href":"https:\/\/www.keylab.no\/da\/wp-json\/wp\/v2\/media\/14946"}],"wp:attachment":[{"href":"https:\/\/www.keylab.no\/da\/wp-json\/wp\/v2\/media?parent=14944"}],"wp:term":[{"taxonomy":"pwb-brand","embeddable":true,"href":"https:\/\/www.keylab.no\/da\/wp-json\/wp\/v2\/pwb-brand?post=14944"},{"taxonomy":"product_brand","embeddable":true,"href":"https:\/\/www.keylab.no\/da\/wp-json\/wp\/v2\/product_brand?post=14944"},{"taxonomy":"product_cat","embeddable":true,"href":"https:\/\/www.keylab.no\/da\/wp-json\/wp\/v2\/product_cat?post=14944"},{"taxonomy":"product_tag","embeddable":true,"href":"https:\/\/www.keylab.no\/da\/wp-json\/wp\/v2\/product_tag?post=14944"}],"curies":[{"name":"wp","href":"https:\/\/api.w.org\/{rel}","templated":true}]}}