{"id":14944,"date":"2024-07-03T01:47:32","date_gmt":"2024-07-03T00:47:32","guid":{"rendered":"https:\/\/www.keylab.no\/?post_type=product&#038;p=14944"},"modified":"2025-04-16T11:18:10","modified_gmt":"2025-04-16T10:18:10","slug":"yale-linus-smartlas","status":"publish","type":"product","link":"https:\/\/www.keylab.no\/en_us\/shop\/yale-linus-smartlas\/","title":{"rendered":"Yale Linus\u00ae Smart Lock - Yale Smart Living"},"content":{"rendered":"<h2>Make your door smarter with a keyless door lock designed to make your life safer and easier.<\/h2>\n<p>Linus<sup>\u00ae<\/sup>\u00a0smart lock is designed by the renowned Swiss designer Yves B\u00e9har, who is also one of the founders of the American company August. Linus<sup>\u00ae<\/sup>\u00a0smart lock is a perfect combination of elegant design and advanced technology.<\/p>\n<p>Linus<sup>\u00ae<\/sup>\u00a0was praised for intelligent design and good choice of materials at the prestigious Red Dot Awards, European Product Design Awards and Ambient Awards at CES Las Vegas earlier this year. Linus<sup>\u00ae<\/sup>\u00a0is a discreet smart home upgrade for any front door. Linus<sup>\u00ae<\/sup>\u00a0is available in matt black and silver finishes, and fits well with most interiors.<\/p>\n<p>Linus<sup>\u00ae<\/sup>\u00a0smart lock is a secure door lock that you can lock and unlock wherever you are. Here you get keyless entry, you can see who is coming and when they arrive, give visitors virtual keys - and if you wonder if you forgot to lock the door, you can easily check it.<\/p>\n<p>You can do all of this using the Yale Home app. With this app, you can secure, monitor and control access to your home using a smartphone, wherever you are.<\/p>\n<p>Linus<sup>\u00ae<\/sup>\u00a0smart lock can be connected to popular smart home systems, voice assistants and vacation rental platforms for easy control and access management.<\/p>\n<p>With Yale&#039;s <span style=\"color: #000080;\"><strong>180 years<\/strong><\/span> experience from the security industry, you can feel safe and protect everything you hold dear.<\/p>\n<p>&nbsp;<\/p>\n<h2><strong>Features:<\/strong><\/h2>\n<ul>\n<li>\n<h3>SMART LOCKING.<\/h3>\n<p>Use your smartphone or Apple Watch as a key. With Linus<sup>\u00ae<\/sup>\u00a0smart lock, you can unlock and re-lock the door with the Yale Home app, wherever you are*.<\/li>\n<\/ul>\n<p>*Requires Yale Connect Wi-Fi Bridge.<\/p>\n<p>&nbsp;<\/p>\n<ul>\n<li>\n<h3>AUTOMATIC LOCKING AND UNLOCKING.<\/h3>\n<p>When you arrive home and approach the front door, the door is automatically unlocked thanks to geofencing, provided you have your phone with you. You don't have to search through your pockets and purse to find the key. You can configure the system to automatically lock the door when it closes.<\/li>\n<\/ul>\n<p>&nbsp;<\/p>\n<ul>\n<li>\n<h3>SAFE AND SECURE.<\/h3>\n<p>A Yale Home account is protected with two-factor authentication, which means you must verify your identity with either an email address or a phone number. In addition to the security inherent in Bluetooth, we use AES and TLS encryption, which is often referred to as bank-level security. If you lose your phone, you can easily disable the Yale Home app and all virtual keys.<\/li>\n<\/ul>\n<p>&nbsp;<\/p>\n<ul>\n<li>\n<h3>GIVE ACCESS - NO MATTER WHERE YOU ARE.<\/h3>\n<p>You can send secure keys to family, friends, and others you trust, wherever you are, using the Yale Home app. You are always in full control.<\/li>\n<\/ul>\n<p>&nbsp;<\/p>\n<ul>\n<li>\n<h3>PROBLEM-FREE INSTALLATION.<\/h3>\n<p>Linus<sup>\u00ae<\/sup>\u00a0the smart lock is easy to install - you unscrew your existing button turner that you have on the inside of the door and screw up Linus<sup>\u00ae<\/sup>\u00a0in stead of. The assembly is done in a very short time. Watch our video to find out how to mount Linus<sup>\u00ae<\/sup>\u00a0on your front door.<\/li>\n<\/ul>\n<p>&nbsp;<\/p>\n<ul>\n<li>\n<h3>DIRECT NOTIFICATION.<\/h3>\n<p>If something happens to the lock on the door, you will be notified immediately.<\/li>\n<\/ul>\n<p>&nbsp;<\/p>\n<ul>\n<li>\n<h3>DOOR SENSE<sup>\u2122<\/sup>-TECHNOLOGY.<\/h3>\n<p>Lets you know if the door is properly closed or not. If something unexpected happens, for example if the door is left ajar, you will be the first to know.<\/li>\n<\/ul>\n<p>&nbsp;<\/p>\n<ul>\n<li>\n<h3>COMPREHENSIVE COOPERATION.<\/h3>\n<p>Yale collaborates with, among other things, suppliers of smart home systems and voice assistants and holiday rental platforms for easy control and access management*.<\/li>\n<\/ul>\n<p>*Requires the Yale Connect Wi-Fi Bridge to be installed and set up for external functionality and integrations, such as voice assistant.<\/p>\n<p>&nbsp;<\/p>\n<ul>\n<li>\n<h3>BATTERY LIFE.<\/h3>\n<p>You will be notified when the batteries start to run out. The life of the batteries depends on the number of twists per locking, how easily the lock can be unlocked and the number of unlocking and re-locking per day. With average use, the batteries will last from six to nine months.<\/li>\n<\/ul>\n<p>&nbsp;<\/p>\n<p>&nbsp;<\/p>\n<h2><strong>Specifications:<\/strong><\/h2>\n<ul>\n<li><strong>Compatibility:\u00a0<\/strong>Fits the vast majority of doors on the market with Scandinavian standards.<\/li>\n<li><strong>Claim<\/strong>: The Yale Home app for iOS or Android (the app is free).<\/li>\n<li><strong>Communication frequency between Linus<sup>\u00ae<\/sup>\u00a0and the additional equipment:<\/strong>\u00a0Bluetooth 4.2, 2.4 GHz.<\/li>\n<li><strong>Technology between Linus<sup>\u00ae<\/sup>- the lock and smartphone:<\/strong>\u00a0Bluetooth directly or via Bluetooth and Wi-Fi if paired with the Yale Connect Wi-Fi Bridge.<\/li>\n<li><strong>Two-factor security:<\/strong>\u00a0The Yale Home account is protected with two-factor authentication, which means that the system checks your identity based on your email address or phone number, in addition to your password.<\/li>\n<li><strong>Encryption:\u00a0<\/strong>Linus<sup>\u00ae<\/sup>\u00a0smartlock uses BLE encryption (Bluetooth Low Energy), AES and TLS encryption, which is often referred to as bank-level security.<\/li>\n<li><strong>Insurance approved:<\/strong>\u00a0Approved in FG class 2A in combination with an approved cylinder.<\/li>\n<li><strong>Goal:<\/strong>\u00a0WxHxD: 58x150x58 mm.<\/li>\n<li><strong>Weight:\u00a0<\/strong>623 grams (including batteries).<\/li>\n<li><strong>Batteries:\u00a0<\/strong>4 AA batteries for the smart lock (alkaline batteries recommended).<br \/>\nBatteries are included.<\/li>\n<\/ul>\n<p>&nbsp;<\/p>\n<p>&nbsp;<\/p>\n<h2><strong>Variants of Yale Linus<\/strong><\/h2>\n<p><strong>The Yale Linus Home contains the following:<\/strong><br \/>\n\u2013 1 piece of Linus<sup>\u00ae<\/sup>\u00a0smart lock<br \/>\n\u2013 1 piece Yale Connect Wi-Fi Bridge<br \/>\n\u2013 1 piece mounting plate<br \/>\n\u2013 1 piece of DoorSense<sup>\u2122<\/sup>-magnet<br \/>\n\u2013 1 piece of mounting accessories<br \/>\n\u2013 4 AA batteries<br \/>\n\u2013 User guide<\/p>\n<p><strong>The Yale Linus Family includes the following:<\/strong><br \/>\n\u2013 1 piece of Linus<sup>\u00ae<\/sup>\u00a0smart lock<br \/>\n\u2013 1 piece Yale Connect Wi-Fi Bridge<br \/>\n\u2013 1 piece Yale Smart Keypad<br \/>\n\u2013 1 piece mounting plate<br \/>\n\u2013 1 piece of DoorSense<sup>\u2122<\/sup>-magnet<br \/>\n\u2013 1 piece of mounting accessories<br \/>\n\u2013 4 AA batteries<br \/>\n\u2013 User guide<\/p>\n<p>&nbsp;<\/p>\n<p>With Yale Connect Wi-Fi Bridge (supplied with all variants of Yale Linus<sup>\u00ae<\/sup>\u00a0and Yale Doorman L3) you can use voice assistant functions and control the smart lock directly from your phone.<\/p>\n<p>You can give unique access codes to family and friends, so they can easily lock in by entering a code on the keyboard.<\/p>\n<p>&nbsp;<\/p>\n<h3><strong>Integrations<\/strong><\/h3>\n<ul>\n<li>Google Home<\/li>\n<li>Alexa<\/li>\n<li>Airbnb<\/li>\n<li>Philips HUE<\/li>\n<li>Apple HomeKit<\/li>\n<\/ul>\n<p>&nbsp;<\/p>\n<figure id=\"attachment_14945\" aria-describedby=\"caption-attachment-14945\" style=\"width: 521px\" class=\"wp-caption aligncenter\"><a href=\"https:\/\/i0.wp.com\/www.keylab.no\/wp-content\/uploads\/2024\/07\/image-4-1.png?ssl=1\"><img data-recalc-dims=\"1\" fetchpriority=\"high\" decoding=\"async\" class=\"wp-image-14945\" src=\"https:\/\/i0.wp.com\/www.keylab.no\/wp-content\/uploads\/2024\/07\/image-4-1.png?resize=521%2C217&#038;ssl=1\" alt=\"Yale Linus - Yale Smart Living\" width=\"521\" height=\"217\" \/><\/a><figcaption id=\"caption-attachment-14945\" class=\"wp-caption-text\">Yale Linus \u2013 Yale Smart Living<\/figcaption><\/figure>","protected":false},"excerpt":{"rendered":"<p>Gj\u00f8r d\u00f8ren din smartere med en n\u00f8kkelfri d\u00f8rl\u00e5s som er utviklet for \u00e5 gj\u00f8re livet ditt tryggere og enklere. Linus\u00ae\u00a0smartl\u00e5s er designet av den anerkjente sveitsiske designeren Yves B\u00e9har, som ogs\u00e5 er en av grunnleggerne av det amerikanske selskapet August. Linus\u00ae\u00a0smartl\u00e5s er en perfekt kombinasjon av lekker design og avansert teknologi. Linus\u00ae\u00a0ble ber\u00f8mmet for intelligent design og godt materialvalg p\u00e5 den prestisjetunge Red Dot Awards, European Product Design Awards og Ambient Awards p\u00e5 CES Las Vegas tidligere i \u00e5r. Linus\u00ae\u00a0er en diskret smarthjemoppgradering for en hvilken som helst inngangsd\u00f8r. Linus\u00ae\u00a0er tilgjengelig i matt svart og s\u00f8lv finish, og passer godt inn i de fleste interi\u00f8rer. Linus\u00ae\u00a0smartl\u00e5s er en sikker d\u00f8rl\u00e5s som du kan l\u00e5se og l\u00e5se opp uansett hvor du er. Her f\u00e5r du n\u00f8kkelfri adgang, du kan se hvem som kommer og n\u00e5r de kommer, gi bes\u00f8kende virtuelle n\u00f8kler \u2013 og hvis du lurer p\u00e5 om du glemte \u00e5 l\u00e5se d\u00f8ren, kan du enkelt sjekke det. Alt dette kan du gj\u00f8re ved hjelp av Yale Home-appen. Med denne appen kan du sikre, overv\u00e5ke og kontrollere adgang til hjemmet ditt ved hjelp av en smarttelefon, uansett hvor du er. Linus\u00ae\u00a0smartl\u00e5s kan kobles til popul\u00e6re smarthjemsystemer, taleassistenter og plattformer for ferieboligutleie for enkel kontroll og adgangsstyring. Med Yales 180 \u00e5rs erfaring fra sikkerhetsbransjen kan du f\u00f8le deg trygg og beskytte alt du har kj\u00e6rt. &nbsp; Funksjoner: SMART L\u00c5SING. Bruk din smarttelefon eller Apple Watch som n\u00f8kkel. Med Linus\u00ae\u00a0smartl\u00e5s kan du l\u00e5se d\u00f8ren opp og igjen med Yale Home-appen, uansett hvor du er*. *Krever Yale Connect Wi-Fi Bridge. &nbsp; AUTOMATISK L\u00c5SING OG OPPL\u00c5SING. N\u00e5r du kommer hjem og n\u00e6rmer deg inngangsd\u00f8ren, l\u00e5ses d\u00f8ren automatisk opp takket v\u00e6re s\u00e5kalt &laquo;geofencing&raquo;, forutsatt at du har telefonen din med deg. Du slipper \u00e5 lete gjennom lommer og veske for \u00e5 finne n\u00f8kkelen. Du kan konfigurere systemet slik at d\u00f8ren automatisk l\u00e5ses n\u00e5r den lukkes. &nbsp; TRYGT OG SIKKERT. En Yale Home-konto er beskyttet med tofaktorautentisering, som betyr at du m\u00e5 verifisere din identitet med enten en e-postadresse eller et telefonnummer. I tillegg til den sikkerheten som ligger i Bluetooth, benytter vi AES- og TLS-kryptering, som ofte omtales som sikkerhet p\u00e5 bankniv\u00e5. Hvis du mister telefonen, kan du enkelt deaktivere Yale Home-appen og alle virtuelle n\u00f8kler. &nbsp; GI ADGANG \u2013 UANSETT HVOR DU ER. Du kan sende sikre n\u00f8kler til familie, venner og andre du stoler p\u00e5, uansett hvor du er, ved hjelp av Yale Home-appen. Du har alltid full kontroll. &nbsp; PROBLEMFRI MONTERING. Linus\u00ae\u00a0smartl\u00e5sen er enkel \u00e5 montere \u2013 du skrur av din eksisterende knappvrider som du har p\u00e5 innsiden av d\u00f8ren og skrur opp Linus\u00ae\u00a0isteden. Monteringen er gjort p\u00e5 sv\u00e6rt kort tid. Se videoen v\u00e5r for \u00e5 finne ut hvordan du kan montere Linus\u00ae\u00a0p\u00e5 din inngangsd\u00f8r. &nbsp; DIREKTE VARSLING. Hvis det skjer noe med l\u00e5sen p\u00e5 d\u00f8ren, blir du varslet om det umiddelbart. &nbsp; DOORSENSE\u2122-TEKNOLOGI. Gir deg beskjed om d\u00f8ren er ordentlig lukket eller ei. Hvis det skjer noe uventet, for eksempel hvis d\u00f8ren blir st\u00e5ende p\u00e5 gl\u00f8tt, er du den f\u00f8rste som f\u00e5r vite om det. &nbsp; OMFATTENDE SAMARBEID. Yale samarbeider med blant annet leverand\u00f8rer av smarthjemsystemer og taleassistenter og plattformer for ferieboligutleie for enkel kontroll og adgangsstyring*. *Krever at Yale Connect Wi-Fi Bridge er installert og satt opp for ekstern funksjonalitet og integrasjoner, for eksempel taleassistent. &nbsp; BATTERILEVETID. Du blir varslet n\u00e5r batteriene begynner \u00e5 g\u00e5 tomme. Levetiden til batteriene avhenger av antall vridninger per l\u00e5sing, hvor lett l\u00e5sen lar seg l\u00e5se opp og antallet opp- og gjenl\u00e5singer per dag. Ved gjennomsnittlig bruk vil batteriene vare fra seks til ni m\u00e5neder. &nbsp; &nbsp; Spesifikasjoner: Kompatibilitet:\u00a0Passer de aller fleste d\u00f8rene p\u00e5 markedet med skandinavisk standard. Krav: Yale Home-appen for iOS eller Android (appen er gratis). Kommunikasjonsfrekvens mellom Linus\u00ae\u00a0og tilleggsutstyret:\u00a0Bluetooth 4.2, 2,4 GHz. Teknologi mellom Linus\u00ae-l\u00e5sen og smarttelefon:\u00a0Bluetooth direkte eller via Bluetooth og Wi-Fi hvis den er paret med Yale Connect Wi-Fi Bridge. Tofaktorsikkerhet:\u00a0Yale Home-kontoen er beskyttet med tofaktorautentisering, som inneb\u00e6rer at systemet sjekker identiteten din basert p\u00e5 e-postadresse eller telefonnummer, i tillegg til passord. Kryptering:\u00a0Linus\u00ae\u00a0smartl\u00e5s bruker BLE-kryptering (Bluetooth Low Energy), AES- og TLS-kryptering, som ofte omtales som sikkerhet p\u00e5 bankniv\u00e5. Forsikringsgodkjent:\u00a0Godkjent i FG-klasse 2A i kombinasjon med godkjent sylinder. M\u00e5l:\u00a0BxHxD: 58x150x58 mm. Vekt:\u00a0623 gram (inkludert batterier). Batterier:\u00a04 stykk AA-batterier til smartl\u00e5sen (alkaliske batterier anbefales). Batterier er inkludert. &nbsp; &nbsp; Varianter av Yale Linus Yale Linus Home inneholder f\u00f8lgende: &#8211; 1 stykk Linus\u00ae\u00a0smartl\u00e5s &#8211; 1 stykk Yale Connect Wi-Fi Bridge &#8211; 1 stykk monteringsplate &#8211; 1 stykk DoorSense\u2122-magnet &#8211; 1 stykk monteringstilbeh\u00f8r &#8211; 4 stykk AA-batterier &#8211; Brukerveiledning Yale Linus Family inneholder f\u00f8lgende: &#8211; 1 stykk Linus\u00ae\u00a0smartl\u00e5s &#8211; 1 stykk Yale Connect Wi-Fi Bridge &#8211; 1 stykk Yale Smart Keypad &#8211; 1 stykk monteringsplate &#8211; 1 stykk DoorSense\u2122-magnet &#8211; 1 stykk monteringstilbeh\u00f8r &#8211; 4 stykk AA-batterier &#8211; Brukerveiledning &nbsp; Med Yale Connect Wi-Fi Bridge (medf\u00f8lger alle varianter av Yale Linus\u00ae\u00a0og Yale Doorman L3) kan du bruke taleassistentfunksjoner og kontrollere smartl\u00e5sen direkte fra telefonen. Du kan gi unike adgangskoder til familie og venner, slik at de enkelt kan l\u00e5se seg inn ved \u00e5 taste inn en kode p\u00e5 tastaturet. &nbsp; Integrasjoner Google Home Alexa Airbnb Philips HUE Apple HomeKit &nbsp;<\/p>","protected":false},"featured_media":14946,"comment_status":"open","ping_status":"closed","template":"","meta":{"_acf_changed":false,"content-type":"","om_disable_all_campaigns":false,"_monsterinsights_skip_tracking":false,"_monsterinsights_sitenote_active":false,"_monsterinsights_sitenote_note":"","_monsterinsights_sitenote_category":0},"pwb-brand":[],"product_brand":[],"product_cat":[174,376,233],"product_tag":[594,593,591,592],"class_list":{"0":"post-14944","1":"product","2":"type-product","3":"status-publish","4":"has-post-thumbnail","6":"product_cat-adgangssystem","7":"product_cat-kodelas-adgangssystem","8":"product_cat-yale-smart-living","9":"product_tag-smartlas","10":"product_tag-yale-home","11":"product_tag-yale-linus","12":"product_tag-yale-smart-living","14":"first","15":"instock","16":"featured","17":"taxable","18":"shipping-taxable","19":"purchasable","20":"product-type-variable","21":"has-default-attributes"},"acf":[],"aioseo_notices":[],"brands":[],"_links":{"self":[{"href":"https:\/\/www.keylab.no\/en_us\/wp-json\/wp\/v2\/product\/14944","targetHints":{"allow":["GET"]}}],"collection":[{"href":"https:\/\/www.keylab.no\/en_us\/wp-json\/wp\/v2\/product"}],"about":[{"href":"https:\/\/www.keylab.no\/en_us\/wp-json\/wp\/v2\/types\/product"}],"replies":[{"embeddable":true,"href":"https:\/\/www.keylab.no\/en_us\/wp-json\/wp\/v2\/comments?post=14944"}],"version-history":[{"count":3,"href":"https:\/\/www.keylab.no\/en_us\/wp-json\/wp\/v2\/product\/14944\/revisions"}],"predecessor-version":[{"id":14962,"href":"https:\/\/www.keylab.no\/en_us\/wp-json\/wp\/v2\/product\/14944\/revisions\/14962"}],"wp:featuredmedia":[{"embeddable":true,"href":"https:\/\/www.keylab.no\/en_us\/wp-json\/wp\/v2\/media\/14946"}],"wp:attachment":[{"href":"https:\/\/www.keylab.no\/en_us\/wp-json\/wp\/v2\/media?parent=14944"}],"wp:term":[{"taxonomy":"pwb-brand","embeddable":true,"href":"https:\/\/www.keylab.no\/en_us\/wp-json\/wp\/v2\/pwb-brand?post=14944"},{"taxonomy":"product_brand","embeddable":true,"href":"https:\/\/www.keylab.no\/en_us\/wp-json\/wp\/v2\/product_brand?post=14944"},{"taxonomy":"product_cat","embeddable":true,"href":"https:\/\/www.keylab.no\/en_us\/wp-json\/wp\/v2\/product_cat?post=14944"},{"taxonomy":"product_tag","embeddable":true,"href":"https:\/\/www.keylab.no\/en_us\/wp-json\/wp\/v2\/product_tag?post=14944"}],"curies":[{"name":"wp","href":"https:\/\/api.w.org\/{rel}","templated":true}]}}