{"id":14884,"date":"2024-07-03T12:10:55","date_gmt":"2024-07-03T11:10:55","guid":{"rendered":"https:\/\/www.keylab.no\/?post_type=product&#038;p=14884"},"modified":"2024-07-03T13:09:25","modified_gmt":"2024-07-03T12:09:25","slug":"yale-smart-alarm-starter-kit","status":"publish","type":"product","link":"https:\/\/www.keylab.no\/fi\/myymala\/yale-smart-alarm-starter-kit\/","title":{"rendered":"Yale Smart Alarm Starter Kit"},"content":{"rendered":"<h1>Yale Smart Alarm Starter Kit<\/h1>\n<p>Uusi 5-osainen Yale Smart Alarm Starter Kit on t\u00e4ydellinen ratkaisu niille, jotka vaativat ensiluokkaista turvallisuutta ja mukavuutta. Smart Alarm on helppo asentaa ja k\u00e4ytt\u00e4\u00e4, ja siin\u00e4 on tyylik\u00e4s muotoilu ja korkea toiminnallisuus sulavaa integrointia kotiisi. Kotih\u00e4lytin ilman tilausmaksua.<\/p>\n<p>\u00a0<\/p>\n<h2>Ominaisuudet ja ominaisuudet<\/h2>\n<p>Yale Smart Alarm on suunniteltu suojaamaan kotia sis\u00e4lt\u00e4 ja ulkoa ennaltaehk\u00e4isem\u00e4ll\u00e4 mahdollisia uhkia ennen niiden ilmenemist\u00e4. Yale Home -sovelluksen avulla voit valvoa jopa nelj\u00e4\u00e4 aluetta kotonasi ja sen ymp\u00e4rist\u00f6ss\u00e4 sek\u00e4 mahdollisuuden seurata useita kiinteist\u00f6j\u00e4 yhdelt\u00e4 ja samalta tililt\u00e4.<\/p>\n<p>\u00a0<\/p>\n<h2>Mukautettu turvallisuus<\/h2>\n<p>R\u00e4\u00e4t\u00e4l\u00f6i h\u00e4lytysj\u00e4rjestelm\u00e4 yksil\u00f6llisiin tarpeisiisi. H\u00e4lyttimen komponenttien kantama h\u00e4lyttimen keskusyksikk\u00f6\u00f6n on jopa 1 kilometri Yale Horizon+ -tekniikan ansiosta. Turvallisuutta voidaan parantaa entisest\u00e4\u00e4n h\u00e4lytysj\u00e4rjestelm\u00e4n lis\u00e4varusteilla, kuten liiketunnistimilla sis\u00e4- ja ulkok\u00e4ytt\u00f6\u00f6n sek\u00e4 Yalen \u00e4lykameroilla tehostettuun ulkovalvontaan.<\/p>\n<p>\u00a0<\/p>\n<h2>Integraatiot<\/h2>\n<p>Smart Alarm integroituu saumattomasti muihin Yalen \u00e4lylaitteisiin sek\u00e4 johtaviin \u00e4\u00e4niassistentteihin ja Philips Hue -\u00e4lyvalaistukseen, mik\u00e4 tarjoaa kattavan kokemuksen.<\/p>\n<p>\u00a0<\/p>\n<h2>Tilauspalvelut<\/h2>\n<p>Tilauspalveluidemme kautta voit avata lis\u00e4ominaisuuksia, jotka parantavat entisest\u00e4\u00e4n tietoturvakokemustasi. Ominaisuuksiin kuuluu esimerkiksi SIM-kortin k\u00e4yt\u00f6n tuki, joka takaa nopean ja vakaan h\u00e4lytyksen keskeytyksett\u00e4, vaikka Wi-Fi-yhteys katkeaisi. Voit my\u00f6s valita automaattiset puhelut, joiden avulla voit m\u00e4\u00e4ritt\u00e4\u00e4 enint\u00e4\u00e4n kolme henkil\u00f6\u00e4 vastaanottamaan automaattisen puhelun h\u00e4lytyksen aktivoituessa.<\/p>","protected":false},"excerpt":{"rendered":"<h1>Yale Smart Alarm Starter Kit<\/h1>\n<p>Uusi 5-osainen Yale Smart Alarm Starter Kit on t\u00e4ydellinen ratkaisu niille, jotka vaativat ensiluokkaista turvallisuutta ja mukavuutta. Smart Alarm on helppo asentaa ja k\u00e4ytt\u00e4\u00e4, ja siin\u00e4 on tyylik\u00e4s muotoilu ja korkea toiminnallisuus sulavaa integrointia kotiisi. Kotih\u00e4lytin ilman tilausmaksua.<\/p>\n<p>\u00a0<\/p>\n<h2>Ominaisuudet ja ominaisuudet<\/h2>\n<p>Yale Smart Alarm on suunniteltu suojaamaan kotia sis\u00e4lt\u00e4 ja ulkoa ennaltaehk\u00e4isem\u00e4ll\u00e4 mahdollisia uhkia ennen niiden ilmenemist\u00e4. Yale Home -sovelluksen avulla voit valvoa jopa nelj\u00e4\u00e4 aluetta kotonasi ja sen ymp\u00e4rist\u00f6ss\u00e4 sek\u00e4 mahdollisuuden seurata useita kiinteist\u00f6j\u00e4 yhdelt\u00e4 ja samalta tililt\u00e4.<\/p>","protected":false},"featured_media":15019,"comment_status":"open","ping_status":"closed","template":"","meta":{"_acf_changed":false,"content-type":"","om_disable_all_campaigns":false,"_monsterinsights_skip_tracking":false,"_monsterinsights_sitenote_active":false,"_monsterinsights_sitenote_note":"","_monsterinsights_sitenote_category":0},"pwb-brand":[],"product_brand":[],"product_cat":[602,233],"product_tag":[],"class_list":{"0":"post-14884","1":"product","2":"type-product","3":"status-publish","4":"has-post-thumbnail","6":"product_cat-smart_alarm","7":"product_cat-yale-smart-living","9":"first","10":"instock","11":"featured","12":"taxable","13":"shipping-taxable","14":"purchasable","15":"product-type-simple"},"acf":[],"aioseo_notices":[],"brands":[],"_links":{"self":[{"href":"https:\/\/www.keylab.no\/fi\/wp-json\/wp\/v2\/product\/14884","targetHints":{"allow":["GET"]}}],"collection":[{"href":"https:\/\/www.keylab.no\/fi\/wp-json\/wp\/v2\/product"}],"about":[{"href":"https:\/\/www.keylab.no\/fi\/wp-json\/wp\/v2\/types\/product"}],"replies":[{"embeddable":true,"href":"https:\/\/www.keylab.no\/fi\/wp-json\/wp\/v2\/comments?post=14884"}],"version-history":[{"count":3,"href":"https:\/\/www.keylab.no\/fi\/wp-json\/wp\/v2\/product\/14884\/revisions"}],"predecessor-version":[{"id":15018,"href":"https:\/\/www.keylab.no\/fi\/wp-json\/wp\/v2\/product\/14884\/revisions\/15018"}],"wp:featuredmedia":[{"embeddable":true,"href":"https:\/\/www.keylab.no\/fi\/wp-json\/wp\/v2\/media\/15019"}],"wp:attachment":[{"href":"https:\/\/www.keylab.no\/fi\/wp-json\/wp\/v2\/media?parent=14884"}],"wp:term":[{"taxonomy":"pwb-brand","embeddable":true,"href":"https:\/\/www.keylab.no\/fi\/wp-json\/wp\/v2\/pwb-brand?post=14884"},{"taxonomy":"product_brand","embeddable":true,"href":"https:\/\/www.keylab.no\/fi\/wp-json\/wp\/v2\/product_brand?post=14884"},{"taxonomy":"product_cat","embeddable":true,"href":"https:\/\/www.keylab.no\/fi\/wp-json\/wp\/v2\/product_cat?post=14884"},{"taxonomy":"product_tag","embeddable":true,"href":"https:\/\/www.keylab.no\/fi\/wp-json\/wp\/v2\/product_tag?post=14884"}],"curies":[{"name":"wp","href":"https:\/\/api.w.org\/{rel}","templated":true}]}}