{"id":14944,"date":"2024-07-03T01:47:32","date_gmt":"2024-07-03T00:47:32","guid":{"rendered":"https:\/\/www.keylab.no\/?post_type=product&#038;p=14944"},"modified":"2025-04-16T11:18:10","modified_gmt":"2025-04-16T10:18:10","slug":"yale-linus-smartlas","status":"publish","type":"product","link":"https:\/\/www.keylab.no\/fi\/myymala\/yale-linus-smartlas\/","title":{"rendered":"Yale Linus\u00ae Smart Lock - Yale Smart Living"},"content":{"rendered":"<h2>Tee ovistasi \u00e4lykk\u00e4\u00e4mpi avaimettomalla ovenlukolla, joka on suunniteltu tekem\u00e4\u00e4n el\u00e4m\u00e4st\u00e4si turvallisempaa ja helpompaa.<\/h2>\n<p>Linus<sup>\u00ae<\/sup>\u00a0\u00e4lylukon on suunnitellut tunnettu sveitsil\u00e4inen suunnittelija Yves B\u00e9har, joka on my\u00f6s yksi amerikkalaisen August-yhti\u00f6n perustajista. Linus<sup>\u00ae<\/sup>\u00a0\u00e4lylukko on t\u00e4ydellinen yhdistelm\u00e4 tyylik\u00e4st\u00e4 muotoilua ja edistynytt\u00e4 tekniikkaa.<\/p>\n<p>Linus<sup>\u00ae<\/sup>\u00a0sai kiitosta \u00e4lykk\u00e4\u00e4st\u00e4 suunnittelusta ja hyv\u00e4st\u00e4 materiaalivalinnasta arvostetuissa Red Dot Awardsissa, European Product Design Awardsissa ja Ambient Awardsissa CES Las Vegasissa aiemmin t\u00e4n\u00e4 vuonna. Linus<sup>\u00ae<\/sup>\u00a0on huomaamaton \u00e4lykk\u00e4\u00e4n kodin p\u00e4ivitys mihin tahansa etuoveen. Linus<sup>\u00ae<\/sup>\u00a0on saatavana mattamustana ja hopeisena, ja se sopii hyvin useimpiin sis\u00e4tiloihin.<\/p>\n<p>Linus<sup>\u00ae<\/sup>\u00a0\u00e4lylukko on turvallinen oven lukko, jonka voit lukita ja avata miss\u00e4 tahansa. T\u00e4\u00e4lt\u00e4 saat avaimeton sis\u00e4\u00e4nk\u00e4ynnin, n\u00e4et kuka on tulossa ja milloin he saapuvat, anna vierailijoille virtuaaliset avaimet - ja jos mietit, oletko unohtanut lukita oven, voit helposti tarkistaa sen.<\/p>\n<p>Voit tehd\u00e4 kaiken t\u00e4m\u00e4n k\u00e4ytt\u00e4m\u00e4ll\u00e4 Yale Home -sovellusta. T\u00e4m\u00e4n sovelluksen avulla voit suojata, valvoa ja hallita kotiisi p\u00e4\u00e4sy\u00e4 \u00e4lypuhelimella miss\u00e4 tahansa.<\/p>\n<p>Linus<sup>\u00ae<\/sup>\u00a0\u00e4lylukko voidaan liitt\u00e4\u00e4 suosittuihin \u00e4lykotij\u00e4rjestelmiin, \u00e4\u00e4niavustajiin ja lomavuokrausalustoille helppoa valvontaa ja kulunvalvontaa varten.<\/p>\n<p>Yalen kanssa <span style=\"color: #000080;\"><strong>180 vuotta<\/strong><\/span> kokemuksesi turvallisuusalalta, voit tuntea olosi turvalliseksi ja suojella kaikkea, mit\u00e4 rakastat.<\/p>\n<p>&nbsp;<\/p>\n<h2><strong>Ominaisuudet:<\/strong><\/h2>\n<ul>\n<li>\n<h3>\u00c4LYK\u00c4S LUKITUS.<\/h3>\n<p>K\u00e4yt\u00e4 \u00e4lypuhelinta tai Apple Watchia avaimena. Linuksen kanssa<sup>\u00ae<\/sup>\u00a0\u00e4lylukko, voit avata ja lukita oven uudelleen Yale Home -sovelluksella miss\u00e4 tahansa*.<\/li>\n<\/ul>\n<p>*Edellytt\u00e4\u00e4 Yale Connect Wi-Fi Bridgen.<\/p>\n<p>&nbsp;<\/p>\n<ul>\n<li>\n<h3>AUTOMAATTINEN LUKITUS JA LUKITUKSEN AVAAMINEN.<\/h3>\n<p>Kun saavut kotiin ja l\u00e4hestyt ulko-ovea, ovi avataan automaattisesti geofencingin ansiosta, jos puhelimesi on mukanasi. Sinun ei tarvitse etsi\u00e4 avainta taskusta tai k\u00e4silaukusta. Voit m\u00e4\u00e4ritt\u00e4\u00e4 j\u00e4rjestelm\u00e4n lukitsemaan oven automaattisesti, kun se sulkeutuu.<\/li>\n<\/ul>\n<p>&nbsp;<\/p>\n<ul>\n<li>\n<h3>TURVALLINEN JA TURVALLINEN.<\/h3>\n<p>Yale Home -tili on suojattu kaksivaiheisella todennuksella, mik\u00e4 tarkoittaa, ett\u00e4 sinun on vahvistettava henkil\u00f6llisyytesi joko s\u00e4hk\u00f6postiosoitteella tai puhelinnumerolla. Bluetoothin luontaisen turvallisuuden lis\u00e4ksi k\u00e4yt\u00e4mme AES- ja TLS-salausta, jota usein kutsutaan pankkitason suojaukseksi. Jos kadotat puhelimesi, voit helposti poistaa Yale Home -sovelluksen ja kaikki virtuaaliavaimet k\u00e4yt\u00f6st\u00e4.<\/li>\n<\/ul>\n<p>&nbsp;<\/p>\n<ul>\n<li>\n<h3>MY\u00d6NT\u00c4 K\u00c4YTT\u00d6 - MISS\u00c4 OLETTA tahansa.<\/h3>\n<p>Yale Home -sovelluksen avulla voit l\u00e4hett\u00e4\u00e4 suojattuja avaimia perheelle, yst\u00e4ville ja muille luotettaville ihmisille miss\u00e4 tahansa. Olet aina t\u00e4ysin hallinnassa.<\/li>\n<\/ul>\n<p>&nbsp;<\/p>\n<ul>\n<li>\n<h3>ONGELMAATON ASENNUS.<\/h3>\n<p>Linus<sup>\u00ae<\/sup>\u00a0\u00e4lylukko on helppo asentaa - ruuvaat irti olemassa olevan napink\u00e4\u00e4ntimen, joka sinulla on oven sis\u00e4puolella ja ruuvaat Linus kiinni<sup>\u00ae<\/sup>\u00a0sijasta. Kokoonpano tehd\u00e4\u00e4n eritt\u00e4in lyhyess\u00e4 ajassa. Katso videomme saadaksesi selville, kuinka Linus kiinnitet\u00e4\u00e4n<sup>\u00ae<\/sup>\u00a0etuovellasi.<\/li>\n<\/ul>\n<p>&nbsp;<\/p>\n<ul>\n<li>\n<h3>SUORA ILMOITUS.<\/h3>\n<p>Jos oven lukossa tapahtuu jotain, siit\u00e4 ilmoitetaan v\u00e4litt\u00f6m\u00e4sti.<\/li>\n<\/ul>\n<p>&nbsp;<\/p>\n<ul>\n<li>\n<h3>OVITUNNISTUS<sup>\u2122<\/sup>-TEKNOLOGIA.<\/h3>\n<p>Kertoo, onko ovi suljettu kunnolla vai ei. Jos jotain odottamatonta tapahtuu, esimerkiksi jos ovi j\u00e4tet\u00e4\u00e4n raolleen, saat tiedon ensimm\u00e4isen\u00e4.<\/li>\n<\/ul>\n<p>&nbsp;<\/p>\n<ul>\n<li>\n<h3>KATTAVA YHTEISTY\u00d6.<\/h3>\n<p>Yale tekee yhteisty\u00f6t\u00e4 muun muassa \u00e4lykotij\u00e4rjestelmien ja \u00e4\u00e4niavustajien sek\u00e4 lomavuokra-alustojen toimittajien kanssa helpon ohjauksen ja kulunhallinnan* kanssa.<\/li>\n<\/ul>\n<p>*Edellytt\u00e4\u00e4, ett\u00e4 Yale Connect Wi-Fi Bridge on asennettu ja m\u00e4\u00e4ritetty ulkoisia toimintoja ja integraatioita, kuten \u00e4\u00e4niavustajaa, varten.<\/p>\n<p>&nbsp;<\/p>\n<ul>\n<li>\n<h3>AKUN IK\u00c4.<\/h3>\n<p>Saat ilmoituksen, kun paristot alkavat loppua. Paristojen k\u00e4ytt\u00f6ik\u00e4 riippuu kierrosten m\u00e4\u00e4r\u00e4st\u00e4 lukitusta kohti, kuinka helposti lukko voidaan avata sek\u00e4 avaus- ja uudelleenlukituskertojen m\u00e4\u00e4r\u00e4st\u00e4 p\u00e4iv\u00e4ss\u00e4. Keskim\u00e4\u00e4r\u00e4isell\u00e4 k\u00e4yt\u00f6ll\u00e4 paristot kest\u00e4v\u00e4t kuudesta yhdeks\u00e4\u00e4n kuukauteen.<\/li>\n<\/ul>\n<p>&nbsp;<\/p>\n<p>&nbsp;<\/p>\n<h2><strong>Tekniset tiedot:<\/strong><\/h2>\n<ul>\n<li><strong>Yhteensopivuus:\u00a0<\/strong>Sopii valtaosaan markkinoiden skandinaavisten standardien mukaisista ovista.<\/li>\n<li><strong>V\u00e4ite<\/strong>: Yale Home -sovellus iOS:lle tai Androidille (sovellus on ilmainen).<\/li>\n<li><strong>Linuksen v\u00e4linen tiedonsiirtotaajuus<sup>\u00ae<\/sup>\u00a0ja lis\u00e4laitteet:<\/strong>\u00a0Bluetooth 4.2, 2,4 GHz.<\/li>\n<li><strong>Tekniikka Linuksen v\u00e4lill\u00e4<sup>\u00ae<\/sup>- lukko ja \u00e4lypuhelin:<\/strong>\u00a0Bluetooth suoraan tai Bluetoothin ja Wi-Fi:n kautta, jos se on yhdistetty Yale Connect Wi-Fi Bridgen kanssa.<\/li>\n<li><strong>Kaksitekij\u00e4inen turvallisuus:<\/strong>\u00a0Yale Home -tili on suojattu kaksivaiheisella todennuksella, mik\u00e4 tarkoittaa, ett\u00e4 j\u00e4rjestelm\u00e4 tarkistaa henkil\u00f6llisyytesi salasanasi lis\u00e4ksi s\u00e4hk\u00f6postiosoitteesi tai puhelinnumerosi perusteella.<\/li>\n<li><strong>Salaus:\u00a0<\/strong>Linus<sup>\u00ae<\/sup>\u00a0smartlock k\u00e4ytt\u00e4\u00e4 BLE-salausta (Bluetooth Low Energy), AES- ja TLS-salausta, jota usein kutsutaan pankkitason suojaukseksi.<\/li>\n<li><strong>Vakuutus hyv\u00e4ksytty:<\/strong>\u00a0Hyv\u00e4ksytty FG-luokassa 2A yhdess\u00e4 hyv\u00e4ksytyn sylinterin kanssa.<\/li>\n<li><strong>P\u00e4\u00e4m\u00e4\u00e4r\u00e4:<\/strong>\u00a0LxKxS: 58x150x58 mm.<\/li>\n<li><strong>Paino:\u00a0<\/strong>623 grammaa (paristot mukaan lukien).<\/li>\n<li><strong>Akut:\u00a0<\/strong>4 AA-paristoa \u00e4lylukolle (suositus on alkaliparisto).<br \/>\nParistot sis\u00e4ltyv\u00e4t hintaan.<\/li>\n<\/ul>\n<p>&nbsp;<\/p>\n<p>&nbsp;<\/p>\n<h2><strong>Yale Linuksen muunnelmia<\/strong><\/h2>\n<p><strong>Yale Linus Home sis\u00e4lt\u00e4\u00e4 seuraavat:<\/strong><br \/>\n\u2013 1 pala Linusta<sup>\u00ae<\/sup>\u00a0\u00e4lyk\u00e4s lukko<br \/>\n\u2013 1 kpl Yale Connect Wi-Fi Bridge<br \/>\n\u2013 1 kpl asennuslevy<br \/>\n\u2013 1 kpl DoorSense\u00e4<sup>\u2122<\/sup>-magneetti<br \/>\n\u2013 1 kpl asennustarvikkeita<br \/>\n\u2013 4 AA-paristoa<br \/>\n- K\u00e4ytt\u00f6ohjeet<\/p>\n<p><strong>Yale Linus -perheeseen kuuluu seuraavat:<\/strong><br \/>\n\u2013 1 pala Linusta<sup>\u00ae<\/sup>\u00a0\u00e4lyk\u00e4s lukko<br \/>\n\u2013 1 kpl Yale Connect Wi-Fi Bridge<br \/>\n\u2013 1 kpl Yale Smart Keypad<br \/>\n\u2013 1 kpl asennuslevy<br \/>\n\u2013 1 kpl DoorSense\u00e4<sup>\u2122<\/sup>-magneetti<br \/>\n\u2013 1 kpl asennustarvikkeita<br \/>\n\u2013 4 AA-paristoa<br \/>\n- K\u00e4ytt\u00f6ohjeet<\/p>\n<p>&nbsp;<\/p>\n<p>Yale Connect Wi-Fi Bridge -sillalla (toimitetaan kaikkien Yale Linus -versioiden kanssa<sup>\u00ae<\/sup>\u00a0ja Yale Doorman L3) voit k\u00e4ytt\u00e4\u00e4 \u00e4\u00e4niavustajan toimintoja ja ohjata \u00e4lylukkoa suoraan puhelimestasi.<\/p>\n<p>Voit antaa yksil\u00f6llisi\u00e4 p\u00e4\u00e4sykoodeja perheelle ja yst\u00e4ville, jotta he voivat helposti lukita sis\u00e4\u00e4n sy\u00f6tt\u00e4m\u00e4ll\u00e4 koodin n\u00e4pp\u00e4imist\u00f6ll\u00e4.<\/p>\n<p>&nbsp;<\/p>\n<h3><strong>Integraatiot<\/strong><\/h3>\n<ul>\n<li>Google Home<\/li>\n<li>Alexa<\/li>\n<li>Airbnb<\/li>\n<li>Philips Hue<\/li>\n<li>Apple HomeKit<\/li>\n<\/ul>\n<p>&nbsp;<\/p>\n<figure id=\"attachment_14945\" aria-describedby=\"caption-attachment-14945\" style=\"width: 521px\" class=\"wp-caption aligncenter\"><a href=\"https:\/\/i0.wp.com\/www.keylab.no\/wp-content\/uploads\/2024\/07\/image-4-1.png?ssl=1\"><img data-recalc-dims=\"1\" fetchpriority=\"high\" decoding=\"async\" class=\"wp-image-14945\" src=\"https:\/\/i0.wp.com\/www.keylab.no\/wp-content\/uploads\/2024\/07\/image-4-1.png?resize=521%2C217&#038;ssl=1\" alt=\"Yale Linus - Yale Smart Living\" width=\"521\" height=\"217\" \/><\/a><figcaption id=\"caption-attachment-14945\" class=\"wp-caption-text\">Yale Linus \u2013 Yale Smart Living<\/figcaption><\/figure>","protected":false},"excerpt":{"rendered":"<p>Gj\u00f8r d\u00f8ren din smartere med en n\u00f8kkelfri d\u00f8rl\u00e5s som er utviklet for \u00e5 gj\u00f8re livet ditt tryggere og enklere. Linus\u00ae\u00a0smartl\u00e5s er designet av den anerkjente sveitsiske designeren Yves B\u00e9har, som ogs\u00e5 er en av grunnleggerne av det amerikanske selskapet August. Linus\u00ae\u00a0smartl\u00e5s er en perfekt kombinasjon av lekker design og avansert teknologi. Linus\u00ae\u00a0ble ber\u00f8mmet for intelligent design og godt materialvalg p\u00e5 den prestisjetunge Red Dot Awards, European Product Design Awards og Ambient Awards p\u00e5 CES Las Vegas tidligere i \u00e5r. Linus\u00ae\u00a0er en diskret smarthjemoppgradering for en hvilken som helst inngangsd\u00f8r. Linus\u00ae\u00a0er tilgjengelig i matt svart og s\u00f8lv finish, og passer godt inn i de fleste interi\u00f8rer. Linus\u00ae\u00a0smartl\u00e5s er en sikker d\u00f8rl\u00e5s som du kan l\u00e5se og l\u00e5se opp uansett hvor du er. Her f\u00e5r du n\u00f8kkelfri adgang, du kan se hvem som kommer og n\u00e5r de kommer, gi bes\u00f8kende virtuelle n\u00f8kler \u2013 og hvis du lurer p\u00e5 om du glemte \u00e5 l\u00e5se d\u00f8ren, kan du enkelt sjekke det. Alt dette kan du gj\u00f8re ved hjelp av Yale Home-appen. Med denne appen kan du sikre, overv\u00e5ke og kontrollere adgang til hjemmet ditt ved hjelp av en smarttelefon, uansett hvor du er. Linus\u00ae\u00a0smartl\u00e5s kan kobles til popul\u00e6re smarthjemsystemer, taleassistenter og plattformer for ferieboligutleie for enkel kontroll og adgangsstyring. Med Yales 180 \u00e5rs erfaring fra sikkerhetsbransjen kan du f\u00f8le deg trygg og beskytte alt du har kj\u00e6rt. &nbsp; Funksjoner: SMART L\u00c5SING. Bruk din smarttelefon eller Apple Watch som n\u00f8kkel. Med Linus\u00ae\u00a0smartl\u00e5s kan du l\u00e5se d\u00f8ren opp og igjen med Yale Home-appen, uansett hvor du er*. *Krever Yale Connect Wi-Fi Bridge. &nbsp; AUTOMATISK L\u00c5SING OG OPPL\u00c5SING. N\u00e5r du kommer hjem og n\u00e6rmer deg inngangsd\u00f8ren, l\u00e5ses d\u00f8ren automatisk opp takket v\u00e6re s\u00e5kalt &laquo;geofencing&raquo;, forutsatt at du har telefonen din med deg. Du slipper \u00e5 lete gjennom lommer og veske for \u00e5 finne n\u00f8kkelen. Du kan konfigurere systemet slik at d\u00f8ren automatisk l\u00e5ses n\u00e5r den lukkes. &nbsp; TRYGT OG SIKKERT. En Yale Home-konto er beskyttet med tofaktorautentisering, som betyr at du m\u00e5 verifisere din identitet med enten en e-postadresse eller et telefonnummer. I tillegg til den sikkerheten som ligger i Bluetooth, benytter vi AES- og TLS-kryptering, som ofte omtales som sikkerhet p\u00e5 bankniv\u00e5. Hvis du mister telefonen, kan du enkelt deaktivere Yale Home-appen og alle virtuelle n\u00f8kler. &nbsp; GI ADGANG \u2013 UANSETT HVOR DU ER. Du kan sende sikre n\u00f8kler til familie, venner og andre du stoler p\u00e5, uansett hvor du er, ved hjelp av Yale Home-appen. Du har alltid full kontroll. &nbsp; PROBLEMFRI MONTERING. Linus\u00ae\u00a0smartl\u00e5sen er enkel \u00e5 montere \u2013 du skrur av din eksisterende knappvrider som du har p\u00e5 innsiden av d\u00f8ren og skrur opp Linus\u00ae\u00a0isteden. Monteringen er gjort p\u00e5 sv\u00e6rt kort tid. Se videoen v\u00e5r for \u00e5 finne ut hvordan du kan montere Linus\u00ae\u00a0p\u00e5 din inngangsd\u00f8r. &nbsp; DIREKTE VARSLING. Hvis det skjer noe med l\u00e5sen p\u00e5 d\u00f8ren, blir du varslet om det umiddelbart. &nbsp; DOORSENSE\u2122-TEKNOLOGI. Gir deg beskjed om d\u00f8ren er ordentlig lukket eller ei. Hvis det skjer noe uventet, for eksempel hvis d\u00f8ren blir st\u00e5ende p\u00e5 gl\u00f8tt, er du den f\u00f8rste som f\u00e5r vite om det. &nbsp; OMFATTENDE SAMARBEID. Yale samarbeider med blant annet leverand\u00f8rer av smarthjemsystemer og taleassistenter og plattformer for ferieboligutleie for enkel kontroll og adgangsstyring*. *Krever at Yale Connect Wi-Fi Bridge er installert og satt opp for ekstern funksjonalitet og integrasjoner, for eksempel taleassistent. &nbsp; BATTERILEVETID. Du blir varslet n\u00e5r batteriene begynner \u00e5 g\u00e5 tomme. Levetiden til batteriene avhenger av antall vridninger per l\u00e5sing, hvor lett l\u00e5sen lar seg l\u00e5se opp og antallet opp- og gjenl\u00e5singer per dag. Ved gjennomsnittlig bruk vil batteriene vare fra seks til ni m\u00e5neder. &nbsp; &nbsp; Spesifikasjoner: Kompatibilitet:\u00a0Passer de aller fleste d\u00f8rene p\u00e5 markedet med skandinavisk standard. Krav: Yale Home-appen for iOS eller Android (appen er gratis). Kommunikasjonsfrekvens mellom Linus\u00ae\u00a0og tilleggsutstyret:\u00a0Bluetooth 4.2, 2,4 GHz. Teknologi mellom Linus\u00ae-l\u00e5sen og smarttelefon:\u00a0Bluetooth direkte eller via Bluetooth og Wi-Fi hvis den er paret med Yale Connect Wi-Fi Bridge. Tofaktorsikkerhet:\u00a0Yale Home-kontoen er beskyttet med tofaktorautentisering, som inneb\u00e6rer at systemet sjekker identiteten din basert p\u00e5 e-postadresse eller telefonnummer, i tillegg til passord. Kryptering:\u00a0Linus\u00ae\u00a0smartl\u00e5s bruker BLE-kryptering (Bluetooth Low Energy), AES- og TLS-kryptering, som ofte omtales som sikkerhet p\u00e5 bankniv\u00e5. Forsikringsgodkjent:\u00a0Godkjent i FG-klasse 2A i kombinasjon med godkjent sylinder. M\u00e5l:\u00a0BxHxD: 58x150x58 mm. Vekt:\u00a0623 gram (inkludert batterier). Batterier:\u00a04 stykk AA-batterier til smartl\u00e5sen (alkaliske batterier anbefales). Batterier er inkludert. &nbsp; &nbsp; Varianter av Yale Linus Yale Linus Home inneholder f\u00f8lgende: &#8211; 1 stykk Linus\u00ae\u00a0smartl\u00e5s &#8211; 1 stykk Yale Connect Wi-Fi Bridge &#8211; 1 stykk monteringsplate &#8211; 1 stykk DoorSense\u2122-magnet &#8211; 1 stykk monteringstilbeh\u00f8r &#8211; 4 stykk AA-batterier &#8211; Brukerveiledning Yale Linus Family inneholder f\u00f8lgende: &#8211; 1 stykk Linus\u00ae\u00a0smartl\u00e5s &#8211; 1 stykk Yale Connect Wi-Fi Bridge &#8211; 1 stykk Yale Smart Keypad &#8211; 1 stykk monteringsplate &#8211; 1 stykk DoorSense\u2122-magnet &#8211; 1 stykk monteringstilbeh\u00f8r &#8211; 4 stykk AA-batterier &#8211; Brukerveiledning &nbsp; Med Yale Connect Wi-Fi Bridge (medf\u00f8lger alle varianter av Yale Linus\u00ae\u00a0og Yale Doorman L3) kan du bruke taleassistentfunksjoner og kontrollere smartl\u00e5sen direkte fra telefonen. Du kan gi unike adgangskoder til familie og venner, slik at de enkelt kan l\u00e5se seg inn ved \u00e5 taste inn en kode p\u00e5 tastaturet. &nbsp; Integrasjoner Google Home Alexa Airbnb Philips HUE Apple HomeKit &nbsp;<\/p>","protected":false},"featured_media":14946,"comment_status":"open","ping_status":"closed","template":"","meta":{"_acf_changed":false,"content-type":"","om_disable_all_campaigns":false,"_monsterinsights_skip_tracking":false,"_monsterinsights_sitenote_active":false,"_monsterinsights_sitenote_note":"","_monsterinsights_sitenote_category":0},"pwb-brand":[],"product_brand":[],"product_cat":[174,376,233],"product_tag":[594,593,591,592],"class_list":{"0":"post-14944","1":"product","2":"type-product","3":"status-publish","4":"has-post-thumbnail","6":"product_cat-adgangssystem","7":"product_cat-kodelas-adgangssystem","8":"product_cat-yale-smart-living","9":"product_tag-smartlas","10":"product_tag-yale-home","11":"product_tag-yale-linus","12":"product_tag-yale-smart-living","14":"first","15":"instock","16":"featured","17":"taxable","18":"shipping-taxable","19":"purchasable","20":"product-type-variable","21":"has-default-attributes"},"acf":[],"aioseo_notices":[],"brands":[],"_links":{"self":[{"href":"https:\/\/www.keylab.no\/fi\/wp-json\/wp\/v2\/product\/14944","targetHints":{"allow":["GET"]}}],"collection":[{"href":"https:\/\/www.keylab.no\/fi\/wp-json\/wp\/v2\/product"}],"about":[{"href":"https:\/\/www.keylab.no\/fi\/wp-json\/wp\/v2\/types\/product"}],"replies":[{"embeddable":true,"href":"https:\/\/www.keylab.no\/fi\/wp-json\/wp\/v2\/comments?post=14944"}],"version-history":[{"count":3,"href":"https:\/\/www.keylab.no\/fi\/wp-json\/wp\/v2\/product\/14944\/revisions"}],"predecessor-version":[{"id":14962,"href":"https:\/\/www.keylab.no\/fi\/wp-json\/wp\/v2\/product\/14944\/revisions\/14962"}],"wp:featuredmedia":[{"embeddable":true,"href":"https:\/\/www.keylab.no\/fi\/wp-json\/wp\/v2\/media\/14946"}],"wp:attachment":[{"href":"https:\/\/www.keylab.no\/fi\/wp-json\/wp\/v2\/media?parent=14944"}],"wp:term":[{"taxonomy":"pwb-brand","embeddable":true,"href":"https:\/\/www.keylab.no\/fi\/wp-json\/wp\/v2\/pwb-brand?post=14944"},{"taxonomy":"product_brand","embeddable":true,"href":"https:\/\/www.keylab.no\/fi\/wp-json\/wp\/v2\/product_brand?post=14944"},{"taxonomy":"product_cat","embeddable":true,"href":"https:\/\/www.keylab.no\/fi\/wp-json\/wp\/v2\/product_cat?post=14944"},{"taxonomy":"product_tag","embeddable":true,"href":"https:\/\/www.keylab.no\/fi\/wp-json\/wp\/v2\/product_tag?post=14944"}],"curies":[{"name":"wp","href":"https:\/\/api.w.org\/{rel}","templated":true}]}}