{"id":14880,"date":"2024-07-03T12:11:04","date_gmt":"2024-07-03T11:11:04","guid":{"rendered":"https:\/\/www.keylab.no\/?post_type=product&#038;p=14880"},"modified":"2024-07-03T12:53:57","modified_gmt":"2024-07-03T11:53:57","slug":"rokdetektor","status":"publish","type":"product","link":"https:\/\/www.keylab.no\/sv\/affar\/rokdetektor\/","title":{"rendered":"Yale Smart Alarm \u2013 R\u00f6kdetektor"},"content":{"rendered":"<h1>Yale Smart Alarm - R\u00f6kdetektor<\/h1>\n<p>Yale Smoke Sensor \u00e4r en optisk r\u00f6kdetektor som reagerar snabbt p\u00e5 gl\u00f6dbr\u00e4nder, svart r\u00f6k och l\u00e5gor.<\/p>\n<p>Om en brand uppt\u00e4cks aktiveras b\u00e5de brandvarnarens inbyggda siren och den centrala larmenheten. Brandvarnaren har en testknapp f\u00f6r batteritest och programmering.<\/p>\n<p>&nbsp;<\/p>\n<h2>Kraftfull siren<\/h2>\n<p>Utrustad med en justerbar volym p\u00e5 upp till 85 dB. Yales r\u00f6ksensor kan utl\u00f6sa en kraftfull siren som g\u00f6r det om\u00f6jligt att missa.<\/p>\n<p>Kan paras ihop med andra r\u00f6ksensorer<\/p>\n<p>R\u00f6ksensorn kan fungera p\u00e5 egen hand, men n\u00e4r den kopplas ihop med andra r\u00f6ksensorer skapas ett n\u00e4tverk som utl\u00f6ser brandlarmet samtidigt. S\u00e5 oavsett om det b\u00f6rjar brinna i garaget eller i k\u00f6ket kommer varje h\u00f6rn av huset att larmas.<\/p>\n<p>&nbsp;<\/p>\n<h2>Enkel \u00f6vervakning<\/h2>\n<p>F\u00e5 omedelbara varningar i realtid n\u00e4r dina d\u00f6rrar eller f\u00f6nster \u00f6ppnas eller st\u00e4ngs, eller om vibrationer uppt\u00e4cks. H\u00e5ll dig uppdaterad och \u00f6vervaka ditt hems status var som helst, n\u00e4r som helst.<\/p>\n<p>&nbsp;<\/p>\n<h2>Horizon+-teknik<\/h2>\n<p>Upplev exceptionellt skydd med ett imponerande t\u00e4ckningsomr\u00e5de som str\u00e4cker sig upp till 1 kilometer, tillsammans med ut\u00f6kad batteritid. Skydda inte bara ditt hem, utan \u00e4ven tillh\u00f6rande byggnader i olika storlekar och former.<\/p>\n<p>&nbsp;<\/p>\n<p><img data-recalc-dims=\"1\" fetchpriority=\"high\" decoding=\"async\" class=\"size-large wp-image-15046\" src=\"https:\/\/i0.wp.com\/www.keylab.no\/wp-content\/uploads\/2024\/07\/works-with-Apple-Home.webp?resize=1024%2C100&#038;ssl=1\" alt=\"Kompatibel med Apple Home Google Home Alexa Philips Hue\" width=\"1024\" height=\"100\" srcset=\"https:\/\/i0.wp.com\/www.keylab.no\/wp-content\/uploads\/2024\/07\/works-with-Apple-Home.webp?resize=1024%2C100&amp;ssl=1 1024w, https:\/\/i0.wp.com\/www.keylab.no\/wp-content\/uploads\/2024\/07\/works-with-Apple-Home.webp?resize=768%2C75&amp;ssl=1 768w, https:\/\/i0.wp.com\/www.keylab.no\/wp-content\/uploads\/2024\/07\/works-with-Apple-Home.webp?resize=640%2C63&amp;ssl=1 640w, https:\/\/i0.wp.com\/www.keylab.no\/wp-content\/uploads\/2024\/07\/works-with-Apple-Home.webp?resize=400%2C39&amp;ssl=1 400w, https:\/\/i0.wp.com\/www.keylab.no\/wp-content\/uploads\/2024\/07\/works-with-Apple-Home.webp?resize=600%2C59&amp;ssl=1 600w\" sizes=\"(max-width: 1024px) 100vw, 1024px\" \/><\/p>","protected":false},"excerpt":{"rendered":"<h1>Brandvarnare<\/h1>\n<p>&nbsp;<\/p>\n<p>Yale Smoke Sensor \u00e4r en optisk r\u00f6kdetektor som reagerar snabbt p\u00e5 gl\u00f6dbr\u00e4nder, svart r\u00f6k och l\u00e5gor.<\/p>\n<p>&nbsp;<\/p>\n<p>Om en brand uppt\u00e4cks aktiveras b\u00e5de brandvarnarens inbyggda siren och den centrala larmenheten. Brandvarnaren har en testknapp f\u00f6r batteritest och programmering.<\/p>\n<p>&nbsp;<\/p>","protected":false},"featured_media":15032,"comment_status":"open","ping_status":"closed","template":"","meta":{"_acf_changed":false,"content-type":"","om_disable_all_campaigns":false,"_monsterinsights_skip_tracking":false,"_monsterinsights_sitenote_active":false,"_monsterinsights_sitenote_note":"","_monsterinsights_sitenote_category":0},"pwb-brand":[],"product_brand":[],"product_cat":[602,233],"product_tag":[],"class_list":{"0":"post-14880","1":"product","2":"type-product","3":"status-publish","4":"has-post-thumbnail","6":"product_cat-smart_alarm","7":"product_cat-yale-smart-living","9":"first","10":"instock","11":"taxable","12":"shipping-taxable","13":"purchasable","14":"product-type-simple"},"acf":[],"aioseo_notices":[],"brands":[],"_links":{"self":[{"href":"https:\/\/www.keylab.no\/sv\/wp-json\/wp\/v2\/product\/14880","targetHints":{"allow":["GET"]}}],"collection":[{"href":"https:\/\/www.keylab.no\/sv\/wp-json\/wp\/v2\/product"}],"about":[{"href":"https:\/\/www.keylab.no\/sv\/wp-json\/wp\/v2\/types\/product"}],"replies":[{"embeddable":true,"href":"https:\/\/www.keylab.no\/sv\/wp-json\/wp\/v2\/comments?post=14880"}],"version-history":[{"count":6,"href":"https:\/\/www.keylab.no\/sv\/wp-json\/wp\/v2\/product\/14880\/revisions"}],"predecessor-version":[{"id":15052,"href":"https:\/\/www.keylab.no\/sv\/wp-json\/wp\/v2\/product\/14880\/revisions\/15052"}],"wp:featuredmedia":[{"embeddable":true,"href":"https:\/\/www.keylab.no\/sv\/wp-json\/wp\/v2\/media\/15032"}],"wp:attachment":[{"href":"https:\/\/www.keylab.no\/sv\/wp-json\/wp\/v2\/media?parent=14880"}],"wp:term":[{"taxonomy":"pwb-brand","embeddable":true,"href":"https:\/\/www.keylab.no\/sv\/wp-json\/wp\/v2\/pwb-brand?post=14880"},{"taxonomy":"product_brand","embeddable":true,"href":"https:\/\/www.keylab.no\/sv\/wp-json\/wp\/v2\/product_brand?post=14880"},{"taxonomy":"product_cat","embeddable":true,"href":"https:\/\/www.keylab.no\/sv\/wp-json\/wp\/v2\/product_cat?post=14880"},{"taxonomy":"product_tag","embeddable":true,"href":"https:\/\/www.keylab.no\/sv\/wp-json\/wp\/v2\/product_tag?post=14880"}],"curies":[{"name":"wp","href":"https:\/\/api.w.org\/{rel}","templated":true}]}}