{"id":14881,"date":"2024-07-03T12:11:08","date_gmt":"2024-07-03T11:11:08","guid":{"rendered":"https:\/\/www.keylab.no\/?post_type=product&#038;p=14881"},"modified":"2025-04-16T11:33:25","modified_gmt":"2025-04-16T10:33:25","slug":"siren-for-utomhusbruk","status":"publish","type":"product","link":"https:\/\/www.keylab.no\/sv\/affar\/siren-for-utomhusbruk\/","title":{"rendered":"Yale Smart Alarm \u2013 Utomhussirenen"},"content":{"rendered":"<h1>Yale Smart Alarm \u2013 Utomhussirenen<\/h1>\n<p>&nbsp;<\/p>\n<p>Yale Outdoor Siren har en h\u00f6g siren som n\u00e5r 100 dB och blinkande LED-lampor som avskr\u00e4cker inkr\u00e4ktare.<\/p>\n<p>Kraftfull siren med justerbar volym<\/p>\n<p>Yale Outdoor Siren har en h\u00f6g siren som n\u00e5r en volym p\u00e5 100 dB och skickar ett tydligt meddelande till alla o\u00f6nskade g\u00e4ster.<\/p>\n<p>&nbsp;<\/p>\n<h2>Starkt blinkande LED-ljus<\/h2>\n<p>&nbsp;<\/p>\n<p>Som komplement till den kraftfulla smarta larmsirenen blinkar den inbyggda LED-lampan, vilket skapar en extra visuell avskr\u00e4ckande effekt som inte kan ignoreras. LED-lampan visar tydligt att ditt hem \u00e4r skyddat och \u00f6vervakat<\/p>\n<p>&nbsp;<\/p>\n<h2>Upplyst Yale-logotyp<\/h2>\n<p>&nbsp;<\/p>\n<p>\u00c4ven under de m\u00f6rkaste timmarna \u00e4r logotypen p\u00e5 Yale Outdoor Siren tydligt upplyst, vilket s\u00e4kerst\u00e4ller och signalerar att ditt hem \u00e4r skyddat hela tiden.<\/p>\n<p>&nbsp;<\/p>\n<h2>Horizon+-teknik<\/h2>\n<p>&nbsp;<\/p>\n<p>Upplev exceptionellt skydd med ett imponerande t\u00e4ckningsomr\u00e5de som str\u00e4cker sig upp till 1 kilometer, tillsammans med ut\u00f6kad batteritid. Skydda inte bara ditt hem, utan \u00e4ven tillh\u00f6rande byggnader i olika storlekar och former.<\/p>\n<p>&nbsp;<\/p>\n<p>&nbsp;<\/p>\n<p><img data-recalc-dims=\"1\" fetchpriority=\"high\" decoding=\"async\" class=\"size-large wp-image-15046\" src=\"https:\/\/i0.wp.com\/www.keylab.no\/wp-content\/uploads\/2024\/07\/works-with-Apple-Home.webp?resize=1024%2C100&#038;ssl=1\" alt=\"Kompatibel med Apple Home Google Home Alexa Philips Hue\" width=\"1024\" height=\"100\" srcset=\"https:\/\/i0.wp.com\/www.keylab.no\/wp-content\/uploads\/2024\/07\/works-with-Apple-Home.webp?resize=1024%2C100&amp;ssl=1 1024w, https:\/\/i0.wp.com\/www.keylab.no\/wp-content\/uploads\/2024\/07\/works-with-Apple-Home.webp?resize=768%2C75&amp;ssl=1 768w, https:\/\/i0.wp.com\/www.keylab.no\/wp-content\/uploads\/2024\/07\/works-with-Apple-Home.webp?resize=640%2C63&amp;ssl=1 640w, https:\/\/i0.wp.com\/www.keylab.no\/wp-content\/uploads\/2024\/07\/works-with-Apple-Home.webp?resize=400%2C39&amp;ssl=1 400w, https:\/\/i0.wp.com\/www.keylab.no\/wp-content\/uploads\/2024\/07\/works-with-Apple-Home.webp?resize=600%2C59&amp;ssl=1 600w\" sizes=\"(max-width: 1024px) 100vw, 1024px\" \/><\/p>\n<p>&nbsp;<\/p>","protected":false},"excerpt":{"rendered":"<h1>Siren f\u00f6r utomhusbruk<\/h1>\n<p>&nbsp;<\/p>\n<p>Yale Outdoor Siren har en h\u00f6g siren som n\u00e5r 100 dB och blinkande LED-lampor som avskr\u00e4cker inkr\u00e4ktare.<\/p>\n<p>&nbsp;<\/p>\n<p>Kraftfull siren med justerbar volym<\/p>\n<p>&nbsp;<\/p>\n<p>Yale Outdoor Siren har en h\u00f6g siren som n\u00e5r en volym p\u00e5 100 dB och skickar ett tydligt meddelande till alla o\u00f6nskade g\u00e4ster.<\/p>","protected":false},"featured_media":15029,"comment_status":"open","ping_status":"closed","template":"","meta":{"_acf_changed":false,"content-type":"","om_disable_all_campaigns":false,"_monsterinsights_skip_tracking":false,"_monsterinsights_sitenote_active":false,"_monsterinsights_sitenote_note":"","_monsterinsights_sitenote_category":0},"pwb-brand":[],"product_brand":[],"product_cat":[602,233],"product_tag":[],"class_list":{"0":"post-14881","1":"product","2":"type-product","3":"status-publish","4":"has-post-thumbnail","6":"product_cat-smart_alarm","7":"product_cat-yale-smart-living","9":"first","10":"instock","11":"sale","12":"taxable","13":"shipping-taxable","14":"purchasable","15":"product-type-simple"},"acf":[],"aioseo_notices":[],"brands":[],"_links":{"self":[{"href":"https:\/\/www.keylab.no\/sv\/wp-json\/wp\/v2\/product\/14881","targetHints":{"allow":["GET"]}}],"collection":[{"href":"https:\/\/www.keylab.no\/sv\/wp-json\/wp\/v2\/product"}],"about":[{"href":"https:\/\/www.keylab.no\/sv\/wp-json\/wp\/v2\/types\/product"}],"replies":[{"embeddable":true,"href":"https:\/\/www.keylab.no\/sv\/wp-json\/wp\/v2\/comments?post=14881"}],"version-history":[{"count":14,"href":"https:\/\/www.keylab.no\/sv\/wp-json\/wp\/v2\/product\/14881\/revisions"}],"predecessor-version":[{"id":15049,"href":"https:\/\/www.keylab.no\/sv\/wp-json\/wp\/v2\/product\/14881\/revisions\/15049"}],"wp:featuredmedia":[{"embeddable":true,"href":"https:\/\/www.keylab.no\/sv\/wp-json\/wp\/v2\/media\/15029"}],"wp:attachment":[{"href":"https:\/\/www.keylab.no\/sv\/wp-json\/wp\/v2\/media?parent=14881"}],"wp:term":[{"taxonomy":"pwb-brand","embeddable":true,"href":"https:\/\/www.keylab.no\/sv\/wp-json\/wp\/v2\/pwb-brand?post=14881"},{"taxonomy":"product_brand","embeddable":true,"href":"https:\/\/www.keylab.no\/sv\/wp-json\/wp\/v2\/product_brand?post=14881"},{"taxonomy":"product_cat","embeddable":true,"href":"https:\/\/www.keylab.no\/sv\/wp-json\/wp\/v2\/product_cat?post=14881"},{"taxonomy":"product_tag","embeddable":true,"href":"https:\/\/www.keylab.no\/sv\/wp-json\/wp\/v2\/product_tag?post=14881"}],"curies":[{"name":"wp","href":"https:\/\/api.w.org\/{rel}","templated":true}]}}