{"id":14883,"date":"2024-07-03T12:10:50","date_gmt":"2024-07-03T11:10:50","guid":{"rendered":"https:\/\/www.keylab.no\/?post_type=product&#038;p=14883"},"modified":"2024-07-03T13:10:25","modified_gmt":"2024-07-03T12:10:25","slug":"yale-rorelsesensor-for-inomhusbruk","status":"publish","type":"product","link":"https:\/\/www.keylab.no\/sv\/affar\/yale-rorelsesensor-for-inomhusbruk\/","title":{"rendered":"Yale Smart Alarm - R\u00f6relsesensor inomhus"},"content":{"rendered":"<h1>Yale r\u00f6relsesensor f\u00f6r inomhusbruk<\/h1>\n<p>Placera Yale inomhusr\u00f6relsesensor i vilket rum som helst i ditt hem, i h\u00f6rn eller mot platta v\u00e4ggar.<\/p>\n<p>F\u00f6rb\u00e4ttrat bevarandeomr\u00e5de<\/p>\n<p>Detekterar r\u00f6relser p\u00e5 upp till 12 meters avst\u00e5nd. Detta ger dig m\u00f6jlighet att t\u00e4cka hela ditt hem.<\/p>\n<p>\u00a0<\/p>\n<h2>Enkel \u00f6vervakning<\/h2>\n<p>\u00a0<\/p>\n<p>\u00d6vervaka ditt hem utan anstr\u00e4ngning, var du \u00e4n befinner dig. H\u00e5ll dig uppdaterad genom meddelanden i Yale Home-appen n\u00e4r r\u00f6relsesensorn uppt\u00e4cker r\u00f6relse inomhus eller om sensorn manipuleras p\u00e5 n\u00e5got s\u00e4tt.<\/p>\n<p>\u00a0<\/p>\n<h2>Horizon+-teknik<\/h2>\n<p>\u00a0<\/p>\n<p>Upplev exceptionellt skydd med ett imponerande t\u00e4ckningsomr\u00e5de som str\u00e4cker sig upp till 1 km, tillsammans med l\u00e5ng batteritid. Skydda inte bara ditt hem, utan \u00e4ven tillh\u00f6rande byggnader i olika storlekar och former.<\/p>\n<p>\u00a0<\/p>\n<h2>Anpassningsbar f\u00f6r husdjur<\/h2>\n<p>\u00a0<\/p>\n<p>Aktivera husdjursfunktionen som p\u00e5 ett intelligent s\u00e4tt filtrerar bort din lurviga v\u00e4n samtidigt som den uppt\u00e4cker potentiella hot i dina utomhusutrymmen med hj\u00e4lp av den inbyggda r\u00f6relsesensorn. Anpassa systemet efter dina behov genom att justera k\u00e4nsligheten f\u00f6r r\u00f6relsedetektering.<\/p>","protected":false},"excerpt":{"rendered":"<h1>Yale r\u00f6relsesensor f\u00f6r inomhusbruk<\/h1>\n<p>Placera Yale inomhusr\u00f6relsesensor i vilket rum som helst i ditt hem, i h\u00f6rn eller mot platta v\u00e4ggar.<\/p>\n<p>F\u00f6rb\u00e4ttrat bevarandeomr\u00e5de<\/p>\n<p>Detekterar r\u00f6relser p\u00e5 upp till 12 meters avst\u00e5nd. Detta ger dig m\u00f6jlighet att t\u00e4cka hela ditt hem.<\/p>","protected":false},"featured_media":15022,"comment_status":"open","ping_status":"closed","template":"","meta":{"_acf_changed":false,"content-type":"","om_disable_all_campaigns":false,"_monsterinsights_skip_tracking":false,"_monsterinsights_sitenote_active":false,"_monsterinsights_sitenote_note":"","_monsterinsights_sitenote_category":0},"pwb-brand":[],"product_brand":[],"product_cat":[602,233],"product_tag":[],"class_list":{"0":"post-14883","1":"product","2":"type-product","3":"status-publish","4":"has-post-thumbnail","6":"product_cat-smart_alarm","7":"product_cat-yale-smart-living","9":"first","10":"instock","11":"taxable","12":"shipping-taxable","13":"purchasable","14":"product-type-simple"},"acf":[],"aioseo_notices":[],"brands":[],"_links":{"self":[{"href":"https:\/\/www.keylab.no\/sv\/wp-json\/wp\/v2\/product\/14883","targetHints":{"allow":["GET"]}}],"collection":[{"href":"https:\/\/www.keylab.no\/sv\/wp-json\/wp\/v2\/product"}],"about":[{"href":"https:\/\/www.keylab.no\/sv\/wp-json\/wp\/v2\/types\/product"}],"replies":[{"embeddable":true,"href":"https:\/\/www.keylab.no\/sv\/wp-json\/wp\/v2\/comments?post=14883"}],"version-history":[{"count":4,"href":"https:\/\/www.keylab.no\/sv\/wp-json\/wp\/v2\/product\/14883\/revisions"}],"predecessor-version":[{"id":15057,"href":"https:\/\/www.keylab.no\/sv\/wp-json\/wp\/v2\/product\/14883\/revisions\/15057"}],"wp:featuredmedia":[{"embeddable":true,"href":"https:\/\/www.keylab.no\/sv\/wp-json\/wp\/v2\/media\/15022"}],"wp:attachment":[{"href":"https:\/\/www.keylab.no\/sv\/wp-json\/wp\/v2\/media?parent=14883"}],"wp:term":[{"taxonomy":"pwb-brand","embeddable":true,"href":"https:\/\/www.keylab.no\/sv\/wp-json\/wp\/v2\/pwb-brand?post=14883"},{"taxonomy":"product_brand","embeddable":true,"href":"https:\/\/www.keylab.no\/sv\/wp-json\/wp\/v2\/product_brand?post=14883"},{"taxonomy":"product_cat","embeddable":true,"href":"https:\/\/www.keylab.no\/sv\/wp-json\/wp\/v2\/product_cat?post=14883"},{"taxonomy":"product_tag","embeddable":true,"href":"https:\/\/www.keylab.no\/sv\/wp-json\/wp\/v2\/product_tag?post=14883"}],"curies":[{"name":"wp","href":"https:\/\/api.w.org\/{rel}","templated":true}]}}