{"id":14884,"date":"2024-07-03T12:10:55","date_gmt":"2024-07-03T11:10:55","guid":{"rendered":"https:\/\/www.keylab.no\/?post_type=product&#038;p=14884"},"modified":"2024-07-03T13:09:25","modified_gmt":"2024-07-03T12:09:25","slug":"yale-startpaket-for-smarta-larm","status":"publish","type":"product","link":"https:\/\/www.keylab.no\/sv\/affar\/yale-startpaket-for-smarta-larm\/","title":{"rendered":"Yale Smart Alarm Starter Kit"},"content":{"rendered":"<h1>Yale Smart Alarm Starter Kit<\/h1>\n<p>Det nya Yale Smart Alarm Starter Kit med 5 delar \u00e4r en perfekt l\u00f6sning f\u00f6r dem som kr\u00e4ver f\u00f6rstklassig s\u00e4kerhet och bekv\u00e4mlighet. Smart Alarm \u00e4r enkelt att installera och anv\u00e4nda och har en snygg design med h\u00f6g funktionalitet f\u00f6r smidig integrering i ditt hem. Ett hemlarm utan abonnemangskostnader.<\/p>\n<p>\u00a0<\/p>\n<h2>Egenskaper och funktioner<\/h2>\n<p>Yale Smart Alarm \u00e4r utformat f\u00f6r att skydda ditt hem, b\u00e5de p\u00e5 insidan och utsidan, genom att proaktivt f\u00f6rhindra potentiella hot innan de uppst\u00e5r. Genom Yale Home-appen har du \u00f6vervakning f\u00f6r upp till fyra omr\u00e5den i och runt ditt hem, samt m\u00f6jlighet att \u00f6vervaka flera fastigheter fr\u00e5n ett enda konto.<\/p>\n<p>\u00a0<\/p>\n<h2>Anpassad s\u00e4kerhet<\/h2>\n<p>Anpassa ditt larmsystem efter dina unika behov. Larmets komponenter har en r\u00e4ckvidd p\u00e5 upp till 1 kilometer till larmets centralenhet, tack vare Yale Horizon+-tekniken. S\u00e4kerheten kan f\u00f6rb\u00e4ttras ytterligare med larmsystemets tillbeh\u00f6r, t.ex. r\u00f6relsedetektorer f\u00f6r inomhus- och utomhusbruk samt Yale Smart Cameras f\u00f6r f\u00f6rb\u00e4ttrad \u00f6vervakning utomhus.<\/p>\n<p>\u00a0<\/p>\n<h2>Integrationer<\/h2>\n<p>Smart Alarm integreras s\u00f6ml\u00f6st med andra smarta Yale-enheter samt ledande r\u00f6stassistenter och Philips Hue smart belysning, vilket ger en helt\u00e4ckande upplevelse.<\/p>\n<p>\u00a0<\/p>\n<h2>Prenumerationstj\u00e4nster<\/h2>\n<p>Genom v\u00e5ra prenumerationstj\u00e4nster kan du l\u00e5sa upp extra funktioner som ytterligare f\u00f6rb\u00e4ttrar din s\u00e4kerhetsupplevelse. Funktionerna omfattar t.ex. st\u00f6d f\u00f6r SIM-kort, vilket garanterar snabb och stabil larmdrift utan avbrott \u00e4ven om Wi-Fi-anslutningen bryts. Du kan ocks\u00e5 v\u00e4lja automatiska telefonsamtal, vilket g\u00f6r att du kan st\u00e4lla in upp till tre personer som ska f\u00e5 ett automatiskt telefonsamtal vid larmaktivering.<\/p>","protected":false},"excerpt":{"rendered":"<h1>Yale Smart Alarm Starter Kit<\/h1>\n<p>Det nya Yale Smart Alarm Starter Kit med 5 delar \u00e4r en perfekt l\u00f6sning f\u00f6r dem som kr\u00e4ver f\u00f6rstklassig s\u00e4kerhet och bekv\u00e4mlighet. Smart Alarm \u00e4r enkelt att installera och anv\u00e4nda och har en snygg design med h\u00f6g funktionalitet f\u00f6r smidig integrering i ditt hem. Ett hemlarm utan abonnemangskostnader.<\/p>\n<p>\u00a0<\/p>\n<h2>Egenskaper och funktioner<\/h2>\n<p>Yale Smart Alarm \u00e4r utformat f\u00f6r att skydda ditt hem, b\u00e5de p\u00e5 insidan och utsidan, genom att proaktivt f\u00f6rhindra potentiella hot innan de uppst\u00e5r. Genom Yale Home-appen har du \u00f6vervakning f\u00f6r upp till fyra omr\u00e5den i och runt ditt hem, samt m\u00f6jlighet att \u00f6vervaka flera fastigheter fr\u00e5n ett enda konto.<\/p>","protected":false},"featured_media":15019,"comment_status":"open","ping_status":"closed","template":"","meta":{"_acf_changed":false,"content-type":"","om_disable_all_campaigns":false,"_monsterinsights_skip_tracking":false,"_monsterinsights_sitenote_active":false,"_monsterinsights_sitenote_note":"","_monsterinsights_sitenote_category":0},"pwb-brand":[],"product_brand":[],"product_cat":[602,233],"product_tag":[],"class_list":{"0":"post-14884","1":"product","2":"type-product","3":"status-publish","4":"has-post-thumbnail","6":"product_cat-smart_alarm","7":"product_cat-yale-smart-living","9":"first","10":"instock","11":"featured","12":"taxable","13":"shipping-taxable","14":"purchasable","15":"product-type-simple"},"acf":[],"aioseo_notices":[],"brands":[],"_links":{"self":[{"href":"https:\/\/www.keylab.no\/sv\/wp-json\/wp\/v2\/product\/14884","targetHints":{"allow":["GET"]}}],"collection":[{"href":"https:\/\/www.keylab.no\/sv\/wp-json\/wp\/v2\/product"}],"about":[{"href":"https:\/\/www.keylab.no\/sv\/wp-json\/wp\/v2\/types\/product"}],"replies":[{"embeddable":true,"href":"https:\/\/www.keylab.no\/sv\/wp-json\/wp\/v2\/comments?post=14884"}],"version-history":[{"count":3,"href":"https:\/\/www.keylab.no\/sv\/wp-json\/wp\/v2\/product\/14884\/revisions"}],"predecessor-version":[{"id":15018,"href":"https:\/\/www.keylab.no\/sv\/wp-json\/wp\/v2\/product\/14884\/revisions\/15018"}],"wp:featuredmedia":[{"embeddable":true,"href":"https:\/\/www.keylab.no\/sv\/wp-json\/wp\/v2\/media\/15019"}],"wp:attachment":[{"href":"https:\/\/www.keylab.no\/sv\/wp-json\/wp\/v2\/media?parent=14884"}],"wp:term":[{"taxonomy":"pwb-brand","embeddable":true,"href":"https:\/\/www.keylab.no\/sv\/wp-json\/wp\/v2\/pwb-brand?post=14884"},{"taxonomy":"product_brand","embeddable":true,"href":"https:\/\/www.keylab.no\/sv\/wp-json\/wp\/v2\/product_brand?post=14884"},{"taxonomy":"product_cat","embeddable":true,"href":"https:\/\/www.keylab.no\/sv\/wp-json\/wp\/v2\/product_cat?post=14884"},{"taxonomy":"product_tag","embeddable":true,"href":"https:\/\/www.keylab.no\/sv\/wp-json\/wp\/v2\/product_tag?post=14884"}],"curies":[{"name":"wp","href":"https:\/\/api.w.org\/{rel}","templated":true}]}}