{"id":14885,"date":"2024-07-03T12:10:59","date_gmt":"2024-07-03T11:10:59","guid":{"rendered":"https:\/\/www.keylab.no\/?post_type=product&#038;p=14885"},"modified":"2025-04-16T11:34:57","modified_gmt":"2025-04-16T10:34:57","slug":"yale-smart-alarm-startpaket-2","status":"publish","type":"product","link":"https:\/\/www.keylab.no\/sv\/affar\/yale-smart-alarm-startpaket-2\/","title":{"rendered":"Yale Smart Alarm Starter Kit+"},"content":{"rendered":"<h1>Det nya Yale Smart Alarm Starter Kit+<\/h1>\n<p>Smart Alarm \u00e4r den perfekta l\u00f6sningen f\u00f6r dig som vill ha ett inbrottslarm som kombinerar h\u00f6gsta s\u00e4kerhet med anv\u00e4ndarv\u00e4nlighet. Larmet \u00e4r inte bara enkelt att installera och anv\u00e4nda, utan har ocks\u00e5 en snygg design och smarta funktioner som g\u00f6r det enkelt att integrera i ditt hem. Det b\u00e4sta av allt \u00e4r att det inte finns n\u00e5gra abonnemangskostnader.<\/p>\n<p>Funktioner och f\u00f6rdelar<\/p>\n<p>Yale Smart Alarm \u00e4r utformat f\u00f6r att ge skydd b\u00e5de inomhus och utomhus och arbetar proaktivt f\u00f6r att avv\u00e4rja potentiella hot innan de intr\u00e4ffar. Med Yale Home-appen kan du \u00f6vervaka upp till fyra zoner i och runt ditt hem, och du har ocks\u00e5 m\u00f6jlighet att h\u00e5lla ett \u00f6ga p\u00e5 flera fastigheter fr\u00e5n samma konto.<\/p>\n<p>\u00a0<\/p>\n<h2>Anpassad s\u00e4kerhet<\/h2>\n<p>Anpassa ditt larmsystem efter dina unika behov. Larmets komponenter har en r\u00e4ckvidd p\u00e5 upp till 1 kilometer till larmets centralenhet, tack vare Yale Horizon+-tekniken. S\u00e4kerheten kan f\u00f6rb\u00e4ttras ytterligare med larmsystemets tillbeh\u00f6r, t.ex. r\u00f6relsedetektorer f\u00f6r inomhus- och utomhusbruk samt Yale Smart Cameras f\u00f6r f\u00f6rb\u00e4ttrad \u00f6vervakning utomhus.<\/p>\n<p>\u00a0<\/p>\n<h2>Integrationer<\/h2>\n<p>Smart Alarm integreras s\u00f6ml\u00f6st med andra smarta Yale-enheter samt ledande r\u00f6stassistenter och Philips Hue smart belysning, vilket ger en helt\u00e4ckande upplevelse.<\/p>\n<p>\u00a0<\/p>\n<h2>Prenumerationstj\u00e4nster<\/h2>\n<p>Genom v\u00e5ra prenumerationstj\u00e4nster kan du l\u00e5sa upp extra funktioner som ytterligare f\u00f6rb\u00e4ttrar din s\u00e4kerhetsupplevelse. Funktionerna omfattar t.ex. st\u00f6d f\u00f6r SIM-kort, vilket garanterar snabb och stabil larmdrift utan avbrott \u00e4ven om Wi-Fi-anslutningen bryts. Du kan ocks\u00e5 v\u00e4lja automatiska telefonsamtal, vilket g\u00f6r att du kan st\u00e4lla in upp till tre personer som ska f\u00e5 ett automatiskt telefonsamtal vid larmaktivering.<\/p>\n<p>\u00a0<\/p>\n<p>\u00a0<\/p>\n<p>\u00a0<\/p>","protected":false},"excerpt":{"rendered":"<h1>Det nya Yale Smart Alarm Starter Kit+<\/h1>\n<p>Smart Alarm \u00e4r den perfekta l\u00f6sningen f\u00f6r dig som vill ha ett inbrottslarm som kombinerar h\u00f6gsta s\u00e4kerhet med anv\u00e4ndarv\u00e4nlighet. Larmet \u00e4r inte bara enkelt att installera och anv\u00e4nda, utan har ocks\u00e5 en snygg design och smarta funktioner som g\u00f6r det enkelt att integrera i ditt hem. Det b\u00e4sta av allt \u00e4r att det inte finns n\u00e5gra abonnemangskostnader.<\/p>\n<p>Funktioner och f\u00f6rdelar<\/p>\n<p>Yale Smart Alarm \u00e4r utformat f\u00f6r att ge skydd b\u00e5de inomhus och utomhus och arbetar proaktivt f\u00f6r att avv\u00e4rja potentiella hot innan de intr\u00e4ffar. Med Yale Home-appen kan du \u00f6vervaka upp till fyra zoner i och runt ditt hem, och du har ocks\u00e5 m\u00f6jlighet att h\u00e5lla ett \u00f6ga p\u00e5 flera fastigheter fr\u00e5n samma konto.<\/p>","protected":false},"featured_media":15016,"comment_status":"open","ping_status":"closed","template":"","meta":{"_acf_changed":false,"content-type":"","om_disable_all_campaigns":false,"_monsterinsights_skip_tracking":false,"_monsterinsights_sitenote_active":false,"_monsterinsights_sitenote_note":"","_monsterinsights_sitenote_category":0},"pwb-brand":[619],"product_brand":[],"product_cat":[602,233],"product_tag":[],"class_list":{"0":"post-14885","1":"product","2":"type-product","3":"status-publish","4":"has-post-thumbnail","6":"pwb-brand-yale","7":"product_cat-smart_alarm","8":"product_cat-yale-smart-living","10":"first","11":"instock","12":"sale","13":"featured","14":"taxable","15":"shipping-taxable","16":"purchasable","17":"product-type-simple"},"acf":[],"aioseo_notices":[],"brands":[{"id":619,"name":"YALE","slug":"yale"}],"_links":{"self":[{"href":"https:\/\/www.keylab.no\/sv\/wp-json\/wp\/v2\/product\/14885","targetHints":{"allow":["GET"]}}],"collection":[{"href":"https:\/\/www.keylab.no\/sv\/wp-json\/wp\/v2\/product"}],"about":[{"href":"https:\/\/www.keylab.no\/sv\/wp-json\/wp\/v2\/types\/product"}],"replies":[{"embeddable":true,"href":"https:\/\/www.keylab.no\/sv\/wp-json\/wp\/v2\/comments?post=14885"}],"version-history":[{"count":3,"href":"https:\/\/www.keylab.no\/sv\/wp-json\/wp\/v2\/product\/14885\/revisions"}],"predecessor-version":[{"id":15015,"href":"https:\/\/www.keylab.no\/sv\/wp-json\/wp\/v2\/product\/14885\/revisions\/15015"}],"wp:featuredmedia":[{"embeddable":true,"href":"https:\/\/www.keylab.no\/sv\/wp-json\/wp\/v2\/media\/15016"}],"wp:attachment":[{"href":"https:\/\/www.keylab.no\/sv\/wp-json\/wp\/v2\/media?parent=14885"}],"wp:term":[{"taxonomy":"pwb-brand","embeddable":true,"href":"https:\/\/www.keylab.no\/sv\/wp-json\/wp\/v2\/pwb-brand?post=14885"},{"taxonomy":"product_brand","embeddable":true,"href":"https:\/\/www.keylab.no\/sv\/wp-json\/wp\/v2\/product_brand?post=14885"},{"taxonomy":"product_cat","embeddable":true,"href":"https:\/\/www.keylab.no\/sv\/wp-json\/wp\/v2\/product_cat?post=14885"},{"taxonomy":"product_tag","embeddable":true,"href":"https:\/\/www.keylab.no\/sv\/wp-json\/wp\/v2\/product_tag?post=14885"}],"curies":[{"name":"wp","href":"https:\/\/api.w.org\/{rel}","templated":true}]}}