{"id":15094,"date":"2024-07-03T16:45:10","date_gmt":"2024-07-03T15:45:10","guid":{"rendered":"https:\/\/www.keylab.no\/?post_type=product&#038;p=15094"},"modified":"2025-04-16T11:32:20","modified_gmt":"2025-04-16T10:32:20","slug":"traka-21-kamaxlar","status":"publish","type":"product","link":"https:\/\/www.keylab.no\/sv\/affar\/traka-21-kamaxlar\/","title":{"rendered":"Traka 21 \u2013 Nyckelsk\u00e5p"},"content":{"rendered":"<h1>Traka 21<\/h1>\n<p>Traka21:s innovativa plug and play-system f\u00f6rser sm\u00e5 och medelstora f\u00f6retag med det allra senaste inom intelligenta nyckelhanteringsprodukter. Traka21 \u00e4r enkelt, effektivt och kostnadseffektivt och hj\u00e4lper till att sp\u00e5ra och redovisa varje nyckel eller nyckelknippa, som \u00e4r individuellt l\u00e5st p\u00e5 plats, vilket s\u00e4kerst\u00e4ller att kritisk aff\u00e4rsverksamhet aldrig \u00e4ventyras.<\/p>\n<p>Att se till att r\u00e4tt nycklar \u00e4r tillg\u00e4ngliga f\u00f6r r\u00e4tt personer vid r\u00e4tt tidpunkt \u00e4r en angel\u00e4genhet f\u00f6r alla organisationer. Traka21 \u00e4r ett sofistikerat frist\u00e5ende nyckelhanteringssystem som kombinerar innovativ RFID-teknik och robust design f\u00f6r att f\u00f6rse sm\u00e5 och medelstora f\u00f6retag med v\u00e5ra avancerade nyckelhanteringsprodukter med 21 nycklar eller nyckelknippor i en prisv\u00e4rd plug and play-enhet.<\/p>\n<p>&nbsp;<\/p>\n<h2>Information om produkten<\/h2>\n<h3>\nDrift<\/h3>\n<ul>\n<li>Frist\u00e5ende Plug &amp; Play-l\u00f6sning med avancerad RFID-teknik<\/li>\n<li>Gr\u00e4nssnitt med peksk\u00e4rm<\/li>\n<li>PIN-kod f\u00f6r tillg\u00e5ng till nycklar eller nyckelknippor som \u00e4r individuellt l\u00e5sta p\u00e5 plats<\/li>\n<li>Nycklarna \u00e4r s\u00e4kert fastsatta med hj\u00e4lp av speciella s\u00e4kerhetsf\u00f6rseglingar<\/li>\n<li>Enkel att konfigurera med hj\u00e4lp av installationsguiden<\/li>\n<li>Inget krav p\u00e5 n\u00e4tverksanslutning eller PC<\/li>\n<li>Dolda, robusta f\u00e4stpunkter m\u00f6jligg\u00f6r s\u00e4ker v\u00e4ggmontering<\/li>\n<li>Drivs med valfri batteribackup<\/li>\n<\/ul>\n<p>&nbsp;<\/p>\n<h3>Egenskaper<\/h3>\n<ul>\n<li>Hantering av anv\u00e4ndar-, nyckel- och \u00e5tkomstr\u00e4ttigheter<\/li>\n<li>Flerspr\u00e5kig funktionalitet *.<\/li>\n<li>Granskningssp\u00e5r och rapporteringsfunktion p\u00e5 sk\u00e4rmen eller export via USB-port<\/li>\n<li>21 robusta iFobs med l\u00e5ng livsl\u00e4ngd och s\u00e4kerhetsf\u00f6rseglingar<\/li>\n<li>21 l\u00e5smottagare med lysdioder<\/li>\n<li>Robust och kompakt h\u00f6lje i aluminium och ABS utan synliga g\u00e5ngj\u00e4rn eller \u00e5tkomstpunkter<\/li>\n<li>Manuell \u00f6verstyrning och d\u00f6rr\u00f6ppningsfunktioner vid n\u00f6dsituationerAudibla larm<\/li>\n<\/ul>\n<p>* Engelska, spanska, franska, tyska, ryska, italienska, svenska, norska, hebreiska, tjeckiska, danska, finska, polska, arabiska, nederl\u00e4ndska, japanska<\/p>","protected":false},"excerpt":{"rendered":"<h1>Traka 21<\/h1>\n<p>Traka21:s innovativa plug and play-system f\u00f6rser sm\u00e5 och medelstora f\u00f6retag med det allra senaste inom intelligenta nyckelhanteringsprodukter. Traka21 \u00e4r enkelt, effektivt och kostnadseffektivt och hj\u00e4lper till att sp\u00e5ra och redovisa varje nyckel eller nyckelknippa, som \u00e4r individuellt l\u00e5st p\u00e5 plats, vilket s\u00e4kerst\u00e4ller att kritisk aff\u00e4rsverksamhet aldrig \u00e4ventyras.<\/p>\n<p>&nbsp;<\/p>\n<p>Att se till att r\u00e4tt nycklar \u00e4r tillg\u00e4ngliga f\u00f6r r\u00e4tt personer vid r\u00e4tt tidpunkt \u00e4r en angel\u00e4genhet f\u00f6r alla organisationer. Traka21 \u00e4r ett sofistikerat frist\u00e5ende nyckelhanteringssystem som kombinerar innovativ RFID-teknik och robust design f\u00f6r att f\u00f6rse sm\u00e5 och medelstora f\u00f6retag med v\u00e5ra avancerade nyckelhanteringsprodukter med 21 nycklar eller nyckelknippor i en prisv\u00e4rd plug and play-enhet.<\/p>","protected":false},"featured_media":12758,"comment_status":"open","ping_status":"closed","template":"","meta":{"_acf_changed":false,"content-type":"","om_disable_all_campaigns":false,"_monsterinsights_skip_tracking":false,"_monsterinsights_sitenote_active":false,"_monsterinsights_sitenote_note":"","_monsterinsights_sitenote_category":0},"pwb-brand":[656],"product_brand":[],"product_cat":[328,355],"product_tag":[608,610,609],"class_list":{"0":"post-15094","1":"product","2":"type-product","3":"status-publish","4":"has-post-thumbnail","6":"pwb-brand-traka","7":"product_cat-nokkeloppbevaring","8":"product_cat-nokkelskap","9":"product_tag-nokkeladministrasjon","10":"product_tag-nokkeloppbevaring","11":"product_tag-nokkelskap","13":"first","14":"instock","15":"sale","16":"featured","17":"taxable","18":"shipping-taxable","19":"purchasable","20":"product-type-simple"},"acf":[],"aioseo_notices":[],"brands":[{"id":656,"name":"TRAKA","slug":"traka"}],"_links":{"self":[{"href":"https:\/\/www.keylab.no\/sv\/wp-json\/wp\/v2\/product\/15094","targetHints":{"allow":["GET"]}}],"collection":[{"href":"https:\/\/www.keylab.no\/sv\/wp-json\/wp\/v2\/product"}],"about":[{"href":"https:\/\/www.keylab.no\/sv\/wp-json\/wp\/v2\/types\/product"}],"replies":[{"embeddable":true,"href":"https:\/\/www.keylab.no\/sv\/wp-json\/wp\/v2\/comments?post=15094"}],"version-history":[{"count":1,"href":"https:\/\/www.keylab.no\/sv\/wp-json\/wp\/v2\/product\/15094\/revisions"}],"predecessor-version":[{"id":15096,"href":"https:\/\/www.keylab.no\/sv\/wp-json\/wp\/v2\/product\/15094\/revisions\/15096"}],"wp:featuredmedia":[{"embeddable":true,"href":"https:\/\/www.keylab.no\/sv\/wp-json\/wp\/v2\/media\/12758"}],"wp:attachment":[{"href":"https:\/\/www.keylab.no\/sv\/wp-json\/wp\/v2\/media?parent=15094"}],"wp:term":[{"taxonomy":"pwb-brand","embeddable":true,"href":"https:\/\/www.keylab.no\/sv\/wp-json\/wp\/v2\/pwb-brand?post=15094"},{"taxonomy":"product_brand","embeddable":true,"href":"https:\/\/www.keylab.no\/sv\/wp-json\/wp\/v2\/product_brand?post=15094"},{"taxonomy":"product_cat","embeddable":true,"href":"https:\/\/www.keylab.no\/sv\/wp-json\/wp\/v2\/product_cat?post=15094"},{"taxonomy":"product_tag","embeddable":true,"href":"https:\/\/www.keylab.no\/sv\/wp-json\/wp\/v2\/product_tag?post=15094"}],"curies":[{"name":"wp","href":"https:\/\/api.w.org\/{rel}","templated":true}]}}